{"id":45349,"date":"2025-06-18T10:57:21","date_gmt":"2025-06-18T10:57:21","guid":{"rendered":"https:\/\/zl.jewelry\/product\/rope-blue\/"},"modified":"2025-09-26T18:28:19","modified_gmt":"2025-09-26T18:28:19","slug":"rope-blue","status":"publish","type":"product","link":"https:\/\/zl.jewelry\/pl\/product\/rope-blue\/","title":{"rendered":"Niebieska sznur\u00f3wka"},"content":{"rendered":"<p>Smycz jubilerska o \u015brednicy 3mm, z zamkiem i ko\u0144c\u00f3wkami. Z\u0142ote cz\u0119\u015bci s\u0105 g\u0142adkie z bia\u0142ego z\u0142ota, rodowane. Zamek to karabi\u0144czyk. Waga jest stosunkiem \u015brednicy linki do ilo\u015bci wk\u0142adek.&nbsp;<\/p>\n","protected":false},"excerpt":{"rendered":"<p>Smycz jubilerska o \u015brednicy 3mm, z zamkiem i ko\u0144c\u00f3wkami. Z\u0142ote cz\u0119\u015bci s\u0105 g\u0142adkie z bia\u0142ego z\u0142ota, rodowane. Zamek to karabi\u0144czyk. Waga jest stosunkiem \u015brednicy linki do ilo\u015bci wk\u0142adek.&nbsp;<\/p>\n","protected":false},"featured_media":63019,"template":"","meta":{"_acf_changed":false},"product_brand":[],"product_cat":[497,499],"product_tag":[],"class_list":{"0":"post-45349","1":"product","2":"type-product","3":"status-publish","4":"has-post-thumbnail","6":"product_cat-childrens-womens-pl","7":"product_cat-nylon-mens-pl","9":"first","10":"instock","11":"product-type-simple"},"acf":[],"_links":{"self":[{"href":"https:\/\/zl.jewelry\/pl\/wp-json\/wp\/v2\/product\/45349","targetHints":{"allow":["GET"]}}],"collection":[{"href":"https:\/\/zl.jewelry\/pl\/wp-json\/wp\/v2\/product"}],"about":[{"href":"https:\/\/zl.jewelry\/pl\/wp-json\/wp\/v2\/types\/product"}],"wp:featuredmedia":[{"embeddable":true,"href":"https:\/\/zl.jewelry\/pl\/wp-json\/wp\/v2\/media\/63019"}],"wp:attachment":[{"href":"https:\/\/zl.jewelry\/pl\/wp-json\/wp\/v2\/media?parent=45349"}],"wp:term":[{"taxonomy":"product_brand","embeddable":true,"href":"https:\/\/zl.jewelry\/pl\/wp-json\/wp\/v2\/product_brand?post=45349"},{"taxonomy":"product_cat","embeddable":true,"href":"https:\/\/zl.jewelry\/pl\/wp-json\/wp\/v2\/product_cat?post=45349"},{"taxonomy":"product_tag","embeddable":true,"href":"https:\/\/zl.jewelry\/pl\/wp-json\/wp\/v2\/product_tag?post=45349"}],"curies":[{"name":"wp","href":"https:\/\/api.w.org\/{rel}","templated":true}]}}