{"id":45345,"date":"2025-06-18T10:57:21","date_gmt":"2025-06-18T10:57:21","guid":{"rendered":"https:\/\/zl.jewelry\/product\/rope-turquoise\/"},"modified":"2026-05-05T09:13:28","modified_gmt":"2026-05-05T09:13:28","slug":"rope-turquoise","status":"publish","type":"product","link":"https:\/\/zl.jewelry\/pl\/product\/rope-turquoise\/","title":{"rendered":"Sznur turkusowy"},"content":{"rendered":"<p>Sznur jubilerski ze z\u0142otymi wstawkami wykonany z czerwonego z\u0142ota. Waga zale\u017cy od \u015brednicy i ilo\u015bci wk\u0142adek, przy \u015brednicy linki 3mm i ilo\u015bci na lince 4 wk\u0142adek + blokada, waga z\u0142ota 2,54 grama. Na lince wstawki w postaci\u00a0 spr\u0119\u017cynki, zamka-karabi\u0144czyka.<\/p>\n","protected":false},"excerpt":{"rendered":"<p>Sznur jubilerski ze z\u0142otymi wstawkami wykonany z czerwonego z\u0142ota. Waga zale\u017cy od \u015brednicy i ilo\u015bci wk\u0142adek, przy \u015brednicy linki 3mm i ilo\u015bci na lince 4 wk\u0142adek + blokada, waga z\u0142ota 2,54 grama. Na lince wstawki w postaci\u00a0 spr\u0119\u017cynki, zamka-karabi\u0144czyka.<\/p>\n","protected":false},"featured_media":63034,"template":"","meta":{"_acf_changed":false},"product_brand":[],"product_cat":[497,496],"product_tag":[],"class_list":{"0":"post-45345","1":"product","2":"type-product","3":"status-publish","4":"has-post-thumbnail","6":"product_cat-childrens-womens-pl","7":"product_cat-jewelry-laces-pl","9":"first","10":"instock","11":"product-type-simple"},"acf":[],"_links":{"self":[{"href":"https:\/\/zl.jewelry\/pl\/wp-json\/wp\/v2\/product\/45345","targetHints":{"allow":["GET"]}}],"collection":[{"href":"https:\/\/zl.jewelry\/pl\/wp-json\/wp\/v2\/product"}],"about":[{"href":"https:\/\/zl.jewelry\/pl\/wp-json\/wp\/v2\/types\/product"}],"wp:featuredmedia":[{"embeddable":true,"href":"https:\/\/zl.jewelry\/pl\/wp-json\/wp\/v2\/media\/63034"}],"wp:attachment":[{"href":"https:\/\/zl.jewelry\/pl\/wp-json\/wp\/v2\/media?parent=45345"}],"wp:term":[{"taxonomy":"product_brand","embeddable":true,"href":"https:\/\/zl.jewelry\/pl\/wp-json\/wp\/v2\/product_brand?post=45345"},{"taxonomy":"product_cat","embeddable":true,"href":"https:\/\/zl.jewelry\/pl\/wp-json\/wp\/v2\/product_cat?post=45345"},{"taxonomy":"product_tag","embeddable":true,"href":"https:\/\/zl.jewelry\/pl\/wp-json\/wp\/v2\/product_tag?post=45345"}],"curies":[{"name":"wp","href":"https:\/\/api.w.org\/{rel}","templated":true}]}}