{"id":45341,"date":"2025-06-18T10:57:21","date_gmt":"2025-06-18T10:57:21","guid":{"rendered":"https:\/\/zl.jewelry\/product\/leather-bracelet-anchor-2\/"},"modified":"2025-09-26T18:28:18","modified_gmt":"2025-09-26T18:28:18","slug":"leather-bracelet-anchor-2","status":"publish","type":"product","link":"https:\/\/zl.jewelry\/pl\/product\/leather-bracelet-anchor-2\/","title":{"rendered":"Sk\u00f3rzana bransoletka &#8222;Anchor&#8221;"},"content":{"rendered":"<p>Bransoletka na sk&oacute;rze, ze z\u0142otymi wstawkami,&nbsp; waga zale\u017cy od \u015brednicy wstawek, przy \u015brednicy sk&oacute;ry 3mm, waga z\u0142ota to 7,31 grama, rozmiar 21.&nbsp;&nbsp;<\/p>\n<p>_x000D_<\/p>\n","protected":false},"excerpt":{"rendered":"<p>Bransoletka na sk&oacute;rze, ze z\u0142otymi wstawkami,&nbsp; waga zale\u017cy od \u015brednicy wstawek, przy \u015brednicy sk&oacute;ry 3mm, waga z\u0142ota to 7,31 grama, rozmiar 21.&nbsp;&nbsp; _x000D_<\/p>\n","protected":false},"featured_media":45342,"template":"","meta":{"_acf_changed":false},"product_brand":[],"product_cat":[552,553,557,560,561],"product_tag":[],"class_list":{"0":"post-45341","1":"product","2":"type-product","3":"status-publish","4":"has-post-thumbnail","6":"product_cat-jewelry-for-sailors-pl","7":"product_cat-bracelets-2-pl","8":"product_cat-bracelets-pl","9":"product_cat-gold-bracelets-up-to-30-gr-pl","10":"product_cat-leather-bracelets-with-gold-inserts-pl","12":"first","13":"instock","14":"product-type-simple"},"acf":[],"_links":{"self":[{"href":"https:\/\/zl.jewelry\/pl\/wp-json\/wp\/v2\/product\/45341","targetHints":{"allow":["GET"]}}],"collection":[{"href":"https:\/\/zl.jewelry\/pl\/wp-json\/wp\/v2\/product"}],"about":[{"href":"https:\/\/zl.jewelry\/pl\/wp-json\/wp\/v2\/types\/product"}],"wp:featuredmedia":[{"embeddable":true,"href":"https:\/\/zl.jewelry\/pl\/wp-json\/wp\/v2\/media\/45342"}],"wp:attachment":[{"href":"https:\/\/zl.jewelry\/pl\/wp-json\/wp\/v2\/media?parent=45341"}],"wp:term":[{"taxonomy":"product_brand","embeddable":true,"href":"https:\/\/zl.jewelry\/pl\/wp-json\/wp\/v2\/product_brand?post=45341"},{"taxonomy":"product_cat","embeddable":true,"href":"https:\/\/zl.jewelry\/pl\/wp-json\/wp\/v2\/product_cat?post=45341"},{"taxonomy":"product_tag","embeddable":true,"href":"https:\/\/zl.jewelry\/pl\/wp-json\/wp\/v2\/product_tag?post=45341"}],"curies":[{"name":"wp","href":"https:\/\/api.w.org\/{rel}","templated":true}]}}