{"id":45339,"date":"2025-06-18T10:57:21","date_gmt":"2025-06-18T10:57:21","guid":{"rendered":"https:\/\/zl.jewelry\/product\/bracelet-named-with-a-rose-of-the-winds\/"},"modified":"2025-09-26T18:28:18","modified_gmt":"2025-09-26T18:28:18","slug":"bracelet-named-with-a-rose-of-the-winds","status":"publish","type":"product","link":"https:\/\/zl.jewelry\/pl\/product\/bracelet-named-with-a-rose-of-the-winds\/","title":{"rendered":"Bransoletka &#8222;Imienna z R\u00f3\u017c\u0105 Wiatr\u00f3w&#8221;"},"content":{"rendered":"","protected":false},"excerpt":{"rendered":"","protected":false},"featured_media":59251,"template":"","meta":{"_acf_changed":false},"product_brand":[],"product_cat":[552,553,557,559,561],"product_tag":[],"class_list":{"0":"post-45339","1":"product","2":"type-product","3":"status-publish","4":"has-post-thumbnail","6":"product_cat-jewelry-for-sailors-pl","7":"product_cat-bracelets-2-pl","8":"product_cat-bracelets-pl","9":"product_cat-gold-bracelets-from-30-gr-pl","10":"product_cat-leather-bracelets-with-gold-inserts-pl","12":"first","13":"instock","14":"product-type-simple"},"acf":[],"_links":{"self":[{"href":"https:\/\/zl.jewelry\/pl\/wp-json\/wp\/v2\/product\/45339","targetHints":{"allow":["GET"]}}],"collection":[{"href":"https:\/\/zl.jewelry\/pl\/wp-json\/wp\/v2\/product"}],"about":[{"href":"https:\/\/zl.jewelry\/pl\/wp-json\/wp\/v2\/types\/product"}],"wp:featuredmedia":[{"embeddable":true,"href":"https:\/\/zl.jewelry\/pl\/wp-json\/wp\/v2\/media\/59251"}],"wp:attachment":[{"href":"https:\/\/zl.jewelry\/pl\/wp-json\/wp\/v2\/media?parent=45339"}],"wp:term":[{"taxonomy":"product_brand","embeddable":true,"href":"https:\/\/zl.jewelry\/pl\/wp-json\/wp\/v2\/product_brand?post=45339"},{"taxonomy":"product_cat","embeddable":true,"href":"https:\/\/zl.jewelry\/pl\/wp-json\/wp\/v2\/product_cat?post=45339"},{"taxonomy":"product_tag","embeddable":true,"href":"https:\/\/zl.jewelry\/pl\/wp-json\/wp\/v2\/product_tag?post=45339"}],"curies":[{"name":"wp","href":"https:\/\/api.w.org\/{rel}","templated":true}]}}