{"id":45325,"date":"2025-06-18T10:57:21","date_gmt":"2025-06-18T10:57:21","guid":{"rendered":"https:\/\/zl.jewelry\/product\/rope-with-black-box\/"},"modified":"2025-09-26T18:28:17","modified_gmt":"2025-09-26T18:28:17","slug":"rope-with-black-box","status":"publish","type":"product","link":"https:\/\/zl.jewelry\/pl\/product\/rope-with-black-box\/","title":{"rendered":"Sznur z czarnym pude\u0142kiem"},"content":{"rendered":"<p>Sznur w kolorze cytrynowego z\u0142ota, waga zale\u017cy od \u015brednicy sznura, przy \u015brednicy sznura 4 mm waga z\u0142ota wynosi 6,23 grama.Zamek z ko\u0144c&oacute;wkami z faktur\u0105, kt&oacute;ra pokryta jest czarn\u0105 emali\u0105. Zamek skrzynkowy z pojedynczym mechanizmem blokuj\u0105cym.<\/p>\n<p>_x000D_<\/p>\n","protected":false},"excerpt":{"rendered":"<p>Sznur w kolorze cytrynowego z\u0142ota, waga zale\u017cy od \u015brednicy sznura, przy \u015brednicy sznura 4 mm waga z\u0142ota wynosi 6,23 grama.Zamek z ko\u0144c&oacute;wkami z faktur\u0105, kt&oacute;ra pokryta jest czarn\u0105 emali\u0105. Zamek skrzynkowy z pojedynczym mechanizmem blokuj\u0105cym. _x000D_<\/p>\n","protected":false},"featured_media":45326,"template":"","meta":{"_acf_changed":false},"product_brand":[],"product_cat":[496,497,499],"product_tag":[],"class_list":{"0":"post-45325","1":"product","2":"type-product","3":"status-publish","4":"has-post-thumbnail","6":"product_cat-jewelry-laces-pl","7":"product_cat-childrens-womens-pl","8":"product_cat-nylon-mens-pl","10":"first","11":"instock","12":"product-type-simple"},"acf":[],"_links":{"self":[{"href":"https:\/\/zl.jewelry\/pl\/wp-json\/wp\/v2\/product\/45325","targetHints":{"allow":["GET"]}}],"collection":[{"href":"https:\/\/zl.jewelry\/pl\/wp-json\/wp\/v2\/product"}],"about":[{"href":"https:\/\/zl.jewelry\/pl\/wp-json\/wp\/v2\/types\/product"}],"wp:featuredmedia":[{"embeddable":true,"href":"https:\/\/zl.jewelry\/pl\/wp-json\/wp\/v2\/media\/45326"}],"wp:attachment":[{"href":"https:\/\/zl.jewelry\/pl\/wp-json\/wp\/v2\/media?parent=45325"}],"wp:term":[{"taxonomy":"product_brand","embeddable":true,"href":"https:\/\/zl.jewelry\/pl\/wp-json\/wp\/v2\/product_brand?post=45325"},{"taxonomy":"product_cat","embeddable":true,"href":"https:\/\/zl.jewelry\/pl\/wp-json\/wp\/v2\/product_cat?post=45325"},{"taxonomy":"product_tag","embeddable":true,"href":"https:\/\/zl.jewelry\/pl\/wp-json\/wp\/v2\/product_tag?post=45325"}],"curies":[{"name":"wp","href":"https:\/\/api.w.org\/{rel}","templated":true}]}}