{"id":45315,"date":"2025-06-18T10:57:27","date_gmt":"2025-06-18T10:57:27","guid":{"rendered":"https:\/\/zl.jewelry\/product\/wedding-rings-combined-with-stones\/"},"modified":"2025-09-26T18:28:25","modified_gmt":"2025-09-26T18:28:25","slug":"wedding-rings-combined-with-stones","status":"publish","type":"product","link":"https:\/\/zl.jewelry\/pl\/product\/wedding-rings-combined-with-stones\/","title":{"rendered":"Obr\u0105czki \u015blubne po\u0142\u0105czone z kamieniami"},"content":{"rendered":"<p>Pier\u015bcionki zar\u0119czynowe z czerwonego, bia\u0142ego i cytrynowego z\u0142ota. Waga r\u00f3\u017cni si\u0119 w zale\u017cno\u015bci od rozmiaru. Szeroko\u015b\u0107 obr\u0105czek od 8mm. Obr\u0105czki posiadaj\u0105 bok z czerwonego z\u0142ota, podstaw\u0119 z bia\u0142ego z\u0142ota pokrytego rodem, r\u00f3wnie\u017c na podstawie znajduj\u0105 si\u0119 elementy z czarn\u0105 emali\u0105, bok z cytrynowego z\u0142ota. Obr\u0105czka m\u0119ska jest g\u0142adka, na obr\u0105czce damskiej wstawione s\u0105 kamienie o \u015brednicy 1,5mm (40szt), kamienie mog\u0105 by\u0107 osadzone dowolnie, na \u017cyczenie klienta.<\/p>\n","protected":false},"excerpt":{"rendered":"<p>Pier\u015bcionki zar\u0119czynowe z czerwonego, bia\u0142ego i cytrynowego z\u0142ota. Waga r\u00f3\u017cni si\u0119 w zale\u017cno\u015bci od rozmiaru. Szeroko\u015b\u0107 obr\u0105czek od 8mm. Obr\u0105czki posiadaj\u0105 bok z czerwonego z\u0142ota, podstaw\u0119 z bia\u0142ego z\u0142ota pokrytego rodem, r\u00f3wnie\u017c na podstawie znajduj\u0105 si\u0119 elementy z czarn\u0105 emali\u0105, bok z cytrynowego z\u0142ota. Obr\u0105czka m\u0119ska jest g\u0142adka, na obr\u0105czce damskiej wstawione s\u0105 kamienie o&#8230;<\/p>\n","protected":false},"featured_media":45317,"template":"","meta":{"_acf_changed":false},"product_brand":[],"product_cat":[528,530,537,535,531],"product_tag":[],"class_list":{"0":"post-45315","1":"product","2":"type-product","3":"status-publish","4":"has-post-thumbnail","6":"product_cat-wedding-rings-pl","7":"product_cat-combined-wedding-rings-pl","8":"product_cat-with-rocks-4-pl","9":"product_cat-wedding-rings-with-diamonds-pl","10":"product_cat-elite-wedding-rings-pl","12":"first","13":"instock","14":"product-type-simple"},"acf":[],"_links":{"self":[{"href":"https:\/\/zl.jewelry\/pl\/wp-json\/wp\/v2\/product\/45315","targetHints":{"allow":["GET"]}}],"collection":[{"href":"https:\/\/zl.jewelry\/pl\/wp-json\/wp\/v2\/product"}],"about":[{"href":"https:\/\/zl.jewelry\/pl\/wp-json\/wp\/v2\/types\/product"}],"wp:featuredmedia":[{"embeddable":true,"href":"https:\/\/zl.jewelry\/pl\/wp-json\/wp\/v2\/media\/45317"}],"wp:attachment":[{"href":"https:\/\/zl.jewelry\/pl\/wp-json\/wp\/v2\/media?parent=45315"}],"wp:term":[{"taxonomy":"product_brand","embeddable":true,"href":"https:\/\/zl.jewelry\/pl\/wp-json\/wp\/v2\/product_brand?post=45315"},{"taxonomy":"product_cat","embeddable":true,"href":"https:\/\/zl.jewelry\/pl\/wp-json\/wp\/v2\/product_cat?post=45315"},{"taxonomy":"product_tag","embeddable":true,"href":"https:\/\/zl.jewelry\/pl\/wp-json\/wp\/v2\/product_tag?post=45315"}],"curies":[{"name":"wp","href":"https:\/\/api.w.org\/{rel}","templated":true}]}}