{"id":45291,"date":"2025-06-18T10:57:27","date_gmt":"2025-06-18T10:57:27","guid":{"rendered":"https:\/\/zl.jewelry\/product\/rope-red-with-inserts\/"},"modified":"2025-09-26T18:28:23","modified_gmt":"2025-09-26T18:28:23","slug":"rope-red-with-inserts","status":"publish","type":"product","link":"https:\/\/zl.jewelry\/pl\/product\/rope-red-with-inserts\/","title":{"rendered":"Czerwona sznurek z wk\u0142adkami"},"content":{"rendered":"<p>Sznur w kolorze czerwonym z czerwono-z\u0142otymi wstawkami. Zapi\u0119cie na karabinek. \u015arednica liny wynosi 3 mm. Waga zale\u017cy od \u015brednicy liny, od liczby wk\u0142adek. Waga z\u0142ota 2,80 grama.<\/p>\n","protected":false},"excerpt":{"rendered":"<p>Sznur w kolorze czerwonym z czerwono-z\u0142otymi wstawkami. Zapi\u0119cie na karabinek. \u015arednica liny wynosi 3 mm. Waga zale\u017cy od \u015brednicy liny, od liczby wk\u0142adek. Waga z\u0142ota 2,80 grama.<\/p>\n","protected":false},"featured_media":65086,"template":"","meta":{"_acf_changed":false},"product_brand":[],"product_cat":[496,497],"product_tag":[],"class_list":{"0":"post-45291","1":"product","2":"type-product","3":"status-publish","4":"has-post-thumbnail","6":"product_cat-jewelry-laces-pl","7":"product_cat-childrens-womens-pl","9":"first","10":"instock","11":"product-type-simple"},"acf":[],"_links":{"self":[{"href":"https:\/\/zl.jewelry\/pl\/wp-json\/wp\/v2\/product\/45291","targetHints":{"allow":["GET"]}}],"collection":[{"href":"https:\/\/zl.jewelry\/pl\/wp-json\/wp\/v2\/product"}],"about":[{"href":"https:\/\/zl.jewelry\/pl\/wp-json\/wp\/v2\/types\/product"}],"wp:featuredmedia":[{"embeddable":true,"href":"https:\/\/zl.jewelry\/pl\/wp-json\/wp\/v2\/media\/65086"}],"wp:attachment":[{"href":"https:\/\/zl.jewelry\/pl\/wp-json\/wp\/v2\/media?parent=45291"}],"wp:term":[{"taxonomy":"product_brand","embeddable":true,"href":"https:\/\/zl.jewelry\/pl\/wp-json\/wp\/v2\/product_brand?post=45291"},{"taxonomy":"product_cat","embeddable":true,"href":"https:\/\/zl.jewelry\/pl\/wp-json\/wp\/v2\/product_cat?post=45291"},{"taxonomy":"product_tag","embeddable":true,"href":"https:\/\/zl.jewelry\/pl\/wp-json\/wp\/v2\/product_tag?post=45291"}],"curies":[{"name":"wp","href":"https:\/\/api.w.org\/{rel}","templated":true}]}}