{"id":45281,"date":"2025-06-18T10:57:27","date_gmt":"2025-06-18T10:57:27","guid":{"rendered":"https:\/\/zl.jewelry\/product\/srimson-rope\/"},"modified":"2025-09-26T18:28:22","modified_gmt":"2025-09-26T18:28:22","slug":"srimson-rope","status":"publish","type":"product","link":"https:\/\/zl.jewelry\/pl\/product\/srimson-rope\/","title":{"rendered":"Sznur malinowy"},"content":{"rendered":"<p>Sznur 2,5 mm, waga z\u0142ota 2,34 przy d\u0142ugo\u015bci 40 cm. Sznur w kolorze czerwonego z\u0142ota pr&oacute;by 585*, sznur w kolorze karmazynowym.<\/p>\n<p>_x000D_<\/p>\n","protected":false},"excerpt":{"rendered":"<p>Sznur 2,5 mm, waga z\u0142ota 2,34 przy d\u0142ugo\u015bci 40 cm. Sznur w kolorze czerwonego z\u0142ota pr&oacute;by 585*, sznur w kolorze karmazynowym. _x000D_<\/p>\n","protected":false},"featured_media":62980,"template":"","meta":{"_acf_changed":false},"product_brand":[],"product_cat":[496,497],"product_tag":[],"class_list":{"0":"post-45281","1":"product","2":"type-product","3":"status-publish","4":"has-post-thumbnail","6":"product_cat-jewelry-laces-pl","7":"product_cat-childrens-womens-pl","9":"first","10":"instock","11":"product-type-simple"},"acf":[],"_links":{"self":[{"href":"https:\/\/zl.jewelry\/pl\/wp-json\/wp\/v2\/product\/45281","targetHints":{"allow":["GET"]}}],"collection":[{"href":"https:\/\/zl.jewelry\/pl\/wp-json\/wp\/v2\/product"}],"about":[{"href":"https:\/\/zl.jewelry\/pl\/wp-json\/wp\/v2\/types\/product"}],"wp:featuredmedia":[{"embeddable":true,"href":"https:\/\/zl.jewelry\/pl\/wp-json\/wp\/v2\/media\/62980"}],"wp:attachment":[{"href":"https:\/\/zl.jewelry\/pl\/wp-json\/wp\/v2\/media?parent=45281"}],"wp:term":[{"taxonomy":"product_brand","embeddable":true,"href":"https:\/\/zl.jewelry\/pl\/wp-json\/wp\/v2\/product_brand?post=45281"},{"taxonomy":"product_cat","embeddable":true,"href":"https:\/\/zl.jewelry\/pl\/wp-json\/wp\/v2\/product_cat?post=45281"},{"taxonomy":"product_tag","embeddable":true,"href":"https:\/\/zl.jewelry\/pl\/wp-json\/wp\/v2\/product_tag?post=45281"}],"curies":[{"name":"wp","href":"https:\/\/api.w.org\/{rel}","templated":true}]}}