{"id":45277,"date":"2025-06-18T10:57:33","date_gmt":"2025-06-18T10:57:33","guid":{"rendered":"https:\/\/zl.jewelry\/product\/beautiful-cross-with-a-crucifix-on-a-black-base\/"},"modified":"2025-09-26T18:28:31","modified_gmt":"2025-09-26T18:28:31","slug":"beautiful-cross-with-a-crucifix-on-a-black-base","status":"publish","type":"product","link":"https:\/\/zl.jewelry\/pl\/product\/beautiful-cross-with-a-crucifix-on-a-black-base\/","title":{"rendered":"Pi\u0119kny krzy\u017c z kplcyfiksem na czarnej podstawie"},"content":{"rendered":"<p>Waga z\u0142otych wstawek w tej smyczy wynosi 27,3 g. Rozmiar i materia\u0142 smyczy mo\u017cna dostosowa\u0107 do indywidualnych potrzeb.<\/p>\n","protected":false},"excerpt":{"rendered":"<p>Waga z\u0142otych wstawek w tej smyczy wynosi 27,3 g. Rozmiar i materia\u0142 smyczy mo\u017cna dostosowa\u0107 do indywidualnych potrzeb.<\/p>\n","protected":false},"featured_media":36099,"template":"","meta":{"_acf_changed":false},"product_brand":[],"product_cat":[504,507,510,511],"product_tag":[],"class_list":{"0":"post-45277","1":"product","2":"type-product","3":"status-publish","4":"has-post-thumbnail","6":"product_cat-golden-crosses-pl","7":"product_cat-exclusive-golden-handmade-crosses-pl","8":"product_cat-mens-crosses-pl","9":"product_cat-on-an-ebony-tree-2-pl","11":"first","12":"instock","13":"product-type-simple"},"acf":[],"_links":{"self":[{"href":"https:\/\/zl.jewelry\/pl\/wp-json\/wp\/v2\/product\/45277","targetHints":{"allow":["GET"]}}],"collection":[{"href":"https:\/\/zl.jewelry\/pl\/wp-json\/wp\/v2\/product"}],"about":[{"href":"https:\/\/zl.jewelry\/pl\/wp-json\/wp\/v2\/types\/product"}],"wp:featuredmedia":[{"embeddable":true,"href":"https:\/\/zl.jewelry\/pl\/wp-json\/wp\/v2\/media\/36099"}],"wp:attachment":[{"href":"https:\/\/zl.jewelry\/pl\/wp-json\/wp\/v2\/media?parent=45277"}],"wp:term":[{"taxonomy":"product_brand","embeddable":true,"href":"https:\/\/zl.jewelry\/pl\/wp-json\/wp\/v2\/product_brand?post=45277"},{"taxonomy":"product_cat","embeddable":true,"href":"https:\/\/zl.jewelry\/pl\/wp-json\/wp\/v2\/product_cat?post=45277"},{"taxonomy":"product_tag","embeddable":true,"href":"https:\/\/zl.jewelry\/pl\/wp-json\/wp\/v2\/product_tag?post=45277"}],"curies":[{"name":"wp","href":"https:\/\/api.w.org\/{rel}","templated":true}]}}