{"id":45275,"date":"2025-06-18T10:57:33","date_gmt":"2025-06-18T10:57:33","guid":{"rendered":"https:\/\/zl.jewelry\/product\/signet-starpom-in-lemon-gold\/"},"modified":"2025-09-26T18:28:30","modified_gmt":"2025-09-26T18:28:30","slug":"signet-starpom-in-lemon-gold","status":"publish","type":"product","link":"https:\/\/zl.jewelry\/pl\/product\/signet-starpom-in-lemon-gold\/","title":{"rendered":"Pier\u015bcionek &#8222;Starpom&#8221; z cytrynowego z\u0142ota"},"content":{"rendered":"<p><span style=\"font-size:16px;\"><span style=\"font-family: Roboto, sans-serif;\">Je\u015bli chcesz znale\u017a\u0107 sygnet w swoim rozmiarze, zobacz &quot;Obr\u0105czki m\u0119skie i sygnety&quot;<\/span><\/span><\/p>\n<p>_x000D_<br \/>\n_x000D_<\/p>\n<p><span style=\"font-family: Roboto, sans-serif; font-size: 16px;\">M\u0119ski pier\u015bcionek z motywem marynistycznym w po\u0142\u0105czeniu cytrynu i bia\u0142ego z\u0142ota. Waga r&oacute;\u017cni si\u0119 w zale\u017cno\u015bci od rozmiaru. W centralnej cz\u0119\u015bci, gdzie znajduje si\u0119 wizerunek epoletu&nbsp; na\u0142o\u017cona jest czarna emalia. Po bokach, strony \u015bwiata i kotwica s\u0105 na\u0142o\u017cone, r&oacute;wnie\u017c na dolnej cz\u0119\u015bci, nak\u0142adka i\u0437<\/span><span style=\"font-family: Roboto, sans-serif; font-size: 16px;\">&nbsp;wymodelowany napis, kt&oacute;ry pokryty jest czarn\u0105 emali\u0105. Rodowane p\u0142ytki pokryte bia\u0142ym z\u0142otem.&nbsp;<\/span><\/p>\n<p>_x000D_<\/p>\n","protected":false},"excerpt":{"rendered":"<p>Je\u015bli chcesz znale\u017a\u0107 sygnet w swoim rozmiarze, zobacz &quot;Obr\u0105czki m\u0119skie i sygnety&quot; _x000D_ _x000D_ M\u0119ski pier\u015bcionek z motywem marynistycznym w po\u0142\u0105czeniu cytrynu i bia\u0142ego z\u0142ota. Waga r&oacute;\u017cni si\u0119 w zale\u017cno\u015bci od rozmiaru. W centralnej cz\u0119\u015bci, gdzie znajduje si\u0119 wizerunek epoletu&nbsp; na\u0142o\u017cona jest czarna emalia. Po bokach, strony \u015bwiata i kotwica s\u0105 na\u0142o\u017cone, r&oacute;wnie\u017c na dolnej&#8230;<\/p>\n","protected":false},"featured_media":49179,"template":"","meta":{"_acf_changed":false},"product_brand":[],"product_cat":[517,589],"product_tag":[],"class_list":{"0":"post-45275","1":"product","2":"type-product","3":"status-publish","4":"has-post-thumbnail","6":"product_cat-mens-rings-and-seals-pl","7":"product_cat-signet-rings-pl","9":"first","10":"instock","11":"product-type-simple"},"acf":[],"_links":{"self":[{"href":"https:\/\/zl.jewelry\/pl\/wp-json\/wp\/v2\/product\/45275","targetHints":{"allow":["GET"]}}],"collection":[{"href":"https:\/\/zl.jewelry\/pl\/wp-json\/wp\/v2\/product"}],"about":[{"href":"https:\/\/zl.jewelry\/pl\/wp-json\/wp\/v2\/types\/product"}],"wp:featuredmedia":[{"embeddable":true,"href":"https:\/\/zl.jewelry\/pl\/wp-json\/wp\/v2\/media\/49179"}],"wp:attachment":[{"href":"https:\/\/zl.jewelry\/pl\/wp-json\/wp\/v2\/media?parent=45275"}],"wp:term":[{"taxonomy":"product_brand","embeddable":true,"href":"https:\/\/zl.jewelry\/pl\/wp-json\/wp\/v2\/product_brand?post=45275"},{"taxonomy":"product_cat","embeddable":true,"href":"https:\/\/zl.jewelry\/pl\/wp-json\/wp\/v2\/product_cat?post=45275"},{"taxonomy":"product_tag","embeddable":true,"href":"https:\/\/zl.jewelry\/pl\/wp-json\/wp\/v2\/product_tag?post=45275"}],"curies":[{"name":"wp","href":"https:\/\/api.w.org\/{rel}","templated":true}]}}