{"id":45271,"date":"2025-06-18T10:57:33","date_gmt":"2025-06-18T10:57:33","guid":{"rendered":"https:\/\/zl.jewelry\/product\/cross-on-ebony\/"},"modified":"2025-09-26T18:28:30","modified_gmt":"2025-09-26T18:28:30","slug":"cross-on-ebony","status":"publish","type":"product","link":"https:\/\/zl.jewelry\/pl\/product\/cross-on-ebony\/","title":{"rendered":"Krzy\u017c na hebanie"},"content":{"rendered":"<p>Krzy\u017cyk z drewna Eben, w kolorze czerwonego z\u0142ota. Waga r&oacute;\u017cni si\u0119 w zale\u017cno\u015bci od rozmiaru, przy wysoko\u015bci 50 mm i szeroko\u015bci 35 mm, waga z\u0142ota w bi\u017cuterii wynosi 6,35 grama.<\/p>\n<p>_x000D_<\/p>\n","protected":false},"excerpt":{"rendered":"<p>Krzy\u017cyk z drewna Eben, w kolorze czerwonego z\u0142ota. Waga r&oacute;\u017cni si\u0119 w zale\u017cno\u015bci od rozmiaru, przy wysoko\u015bci 50 mm i szeroko\u015bci 35 mm, waga z\u0142ota w bi\u017cuterii wynosi 6,35 grama. _x000D_<\/p>\n","protected":false},"featured_media":45272,"template":"","meta":{"_acf_changed":false},"product_brand":[],"product_cat":[504,511,513],"product_tag":[],"class_list":{"0":"post-45271","1":"product","2":"type-product","3":"status-publish","4":"has-post-thumbnail","6":"product_cat-golden-crosses-pl","7":"product_cat-on-an-ebony-tree-2-pl","8":"product_cat-womens-crosses-pl","10":"first","11":"instock","12":"product-type-simple"},"acf":[],"_links":{"self":[{"href":"https:\/\/zl.jewelry\/pl\/wp-json\/wp\/v2\/product\/45271","targetHints":{"allow":["GET"]}}],"collection":[{"href":"https:\/\/zl.jewelry\/pl\/wp-json\/wp\/v2\/product"}],"about":[{"href":"https:\/\/zl.jewelry\/pl\/wp-json\/wp\/v2\/types\/product"}],"wp:featuredmedia":[{"embeddable":true,"href":"https:\/\/zl.jewelry\/pl\/wp-json\/wp\/v2\/media\/45272"}],"wp:attachment":[{"href":"https:\/\/zl.jewelry\/pl\/wp-json\/wp\/v2\/media?parent=45271"}],"wp:term":[{"taxonomy":"product_brand","embeddable":true,"href":"https:\/\/zl.jewelry\/pl\/wp-json\/wp\/v2\/product_brand?post=45271"},{"taxonomy":"product_cat","embeddable":true,"href":"https:\/\/zl.jewelry\/pl\/wp-json\/wp\/v2\/product_cat?post=45271"},{"taxonomy":"product_tag","embeddable":true,"href":"https:\/\/zl.jewelry\/pl\/wp-json\/wp\/v2\/product_tag?post=45271"}],"curies":[{"name":"wp","href":"https:\/\/api.w.org\/{rel}","templated":true}]}}