{"id":45267,"date":"2025-06-18T10:57:33","date_gmt":"2025-06-18T10:57:33","guid":{"rendered":"https:\/\/zl.jewelry\/product\/bracelet\/"},"modified":"2025-09-26T18:28:29","modified_gmt":"2025-09-26T18:28:29","slug":"bracelet","status":"publish","type":"product","link":"https:\/\/zl.jewelry\/pl\/product\/bracelet\/","title":{"rendered":"Bransoletka"},"content":{"rendered":"<p>Bransoletka na sznurku, \u015brednica sznurka 4 mm. Wstawki z czerwonego z\u0142ota pr\u00f3by 585*, z czarn\u0105 emali\u0105. D\u0142ugo\u015b\u0107 bransoletki wynosi 21,5 cm. Waga z\u0142ota w bransoletce od 28 gram\u00f3w.&nbsp;<\/p>\n","protected":false},"excerpt":{"rendered":"<p>Bransoletka na sznurku, \u015brednica sznurka 4 mm. Wstawki z czerwonego z\u0142ota pr\u00f3by 585*, z czarn\u0105 emali\u0105. D\u0142ugo\u015b\u0107 bransoletki wynosi 21,5 cm. Waga z\u0142ota w bransoletce od 28 gram\u00f3w.&nbsp;<\/p>\n","protected":false},"featured_media":45268,"template":"","meta":{"_acf_changed":false},"product_brand":[],"product_cat":[557,560,562],"product_tag":[],"class_list":{"0":"post-45267","1":"product","2":"type-product","3":"status-publish","4":"has-post-thumbnail","6":"product_cat-bracelets-pl","7":"product_cat-gold-bracelets-up-to-30-gr-pl","8":"product_cat-silk-bracelets-with-gold-inserts-pl","10":"first","11":"instock","12":"product-type-simple"},"acf":[],"_links":{"self":[{"href":"https:\/\/zl.jewelry\/pl\/wp-json\/wp\/v2\/product\/45267","targetHints":{"allow":["GET"]}}],"collection":[{"href":"https:\/\/zl.jewelry\/pl\/wp-json\/wp\/v2\/product"}],"about":[{"href":"https:\/\/zl.jewelry\/pl\/wp-json\/wp\/v2\/types\/product"}],"wp:featuredmedia":[{"embeddable":true,"href":"https:\/\/zl.jewelry\/pl\/wp-json\/wp\/v2\/media\/45268"}],"wp:attachment":[{"href":"https:\/\/zl.jewelry\/pl\/wp-json\/wp\/v2\/media?parent=45267"}],"wp:term":[{"taxonomy":"product_brand","embeddable":true,"href":"https:\/\/zl.jewelry\/pl\/wp-json\/wp\/v2\/product_brand?post=45267"},{"taxonomy":"product_cat","embeddable":true,"href":"https:\/\/zl.jewelry\/pl\/wp-json\/wp\/v2\/product_cat?post=45267"},{"taxonomy":"product_tag","embeddable":true,"href":"https:\/\/zl.jewelry\/pl\/wp-json\/wp\/v2\/product_tag?post=45267"}],"curies":[{"name":"wp","href":"https:\/\/api.w.org\/{rel}","templated":true}]}}