{"id":45265,"date":"2025-06-18T10:57:33","date_gmt":"2025-06-18T10:57:33","guid":{"rendered":"https:\/\/zl.jewelry\/product\/golden-ring-with-red-roses\/"},"modified":"2025-09-26T18:28:29","modified_gmt":"2025-09-26T18:28:29","slug":"golden-ring-with-red-roses","status":"publish","type":"product","link":"https:\/\/zl.jewelry\/pl\/product\/golden-ring-with-red-roses\/","title":{"rendered":"Z\u0142oty pier\u015bcionek z czerwonymi r\u00f3\u017cami"},"content":{"rendered":"","protected":false},"excerpt":{"rendered":"","protected":false},"featured_media":45266,"template":"","meta":{"_acf_changed":false},"product_brand":[],"product_cat":[514,518],"product_tag":[],"class_list":{"0":"post-45265","1":"product","2":"type-product","3":"status-publish","4":"has-post-thumbnail","6":"product_cat-golden-rings-pl","7":"product_cat-red-gold-rings-pl","9":"first","10":"instock","11":"product-type-simple"},"acf":[],"_links":{"self":[{"href":"https:\/\/zl.jewelry\/pl\/wp-json\/wp\/v2\/product\/45265","targetHints":{"allow":["GET"]}}],"collection":[{"href":"https:\/\/zl.jewelry\/pl\/wp-json\/wp\/v2\/product"}],"about":[{"href":"https:\/\/zl.jewelry\/pl\/wp-json\/wp\/v2\/types\/product"}],"wp:featuredmedia":[{"embeddable":true,"href":"https:\/\/zl.jewelry\/pl\/wp-json\/wp\/v2\/media\/45266"}],"wp:attachment":[{"href":"https:\/\/zl.jewelry\/pl\/wp-json\/wp\/v2\/media?parent=45265"}],"wp:term":[{"taxonomy":"product_brand","embeddable":true,"href":"https:\/\/zl.jewelry\/pl\/wp-json\/wp\/v2\/product_brand?post=45265"},{"taxonomy":"product_cat","embeddable":true,"href":"https:\/\/zl.jewelry\/pl\/wp-json\/wp\/v2\/product_cat?post=45265"},{"taxonomy":"product_tag","embeddable":true,"href":"https:\/\/zl.jewelry\/pl\/wp-json\/wp\/v2\/product_tag?post=45265"}],"curies":[{"name":"wp","href":"https:\/\/api.w.org\/{rel}","templated":true}]}}