{"id":45241,"date":"2025-06-18T10:57:33","date_gmt":"2025-06-18T10:57:33","guid":{"rendered":"https:\/\/zl.jewelry\/product\/golden-ring-with-pink-roses\/"},"modified":"2025-09-26T18:28:27","modified_gmt":"2025-09-26T18:28:27","slug":"golden-ring-with-pink-roses","status":"publish","type":"product","link":"https:\/\/zl.jewelry\/pl\/product\/golden-ring-with-pink-roses\/","title":{"rendered":"Z\u0142oty pier\u015bcionek z r\u00f3\u017cowymi r\u00f3\u017cami"},"content":{"rendered":"<p>Pier\u015bcionek z czerwonego z\u0142ota z koralowymi wstawkami (3 szt.) w formie r\u00f3\u017c, kolor r\u00f3\u017cowy. Waga r\u00f3\u017cni si\u0119 w zale\u017cno\u015bci od rozmiaru, przy rozmiarze 17.2 waga z\u0142ota 4.07.<\/p>\n","protected":false},"excerpt":{"rendered":"<p>Pier\u015bcionek z czerwonego z\u0142ota z koralowymi wstawkami (3 szt.) w formie r\u00f3\u017c, kolor r\u00f3\u017cowy. Waga r\u00f3\u017cni si\u0119 w zale\u017cno\u015bci od rozmiaru, przy rozmiarze 17.2 waga z\u0142ota 4.07.<\/p>\n","protected":false},"featured_media":45242,"template":"","meta":{"_acf_changed":false},"product_brand":[],"product_cat":[514,518],"product_tag":[],"class_list":{"0":"post-45241","1":"product","2":"type-product","3":"status-publish","4":"has-post-thumbnail","6":"product_cat-golden-rings-pl","7":"product_cat-red-gold-rings-pl","9":"first","10":"instock","11":"product-type-simple"},"acf":[],"_links":{"self":[{"href":"https:\/\/zl.jewelry\/pl\/wp-json\/wp\/v2\/product\/45241","targetHints":{"allow":["GET"]}}],"collection":[{"href":"https:\/\/zl.jewelry\/pl\/wp-json\/wp\/v2\/product"}],"about":[{"href":"https:\/\/zl.jewelry\/pl\/wp-json\/wp\/v2\/types\/product"}],"wp:featuredmedia":[{"embeddable":true,"href":"https:\/\/zl.jewelry\/pl\/wp-json\/wp\/v2\/media\/45242"}],"wp:attachment":[{"href":"https:\/\/zl.jewelry\/pl\/wp-json\/wp\/v2\/media?parent=45241"}],"wp:term":[{"taxonomy":"product_brand","embeddable":true,"href":"https:\/\/zl.jewelry\/pl\/wp-json\/wp\/v2\/product_brand?post=45241"},{"taxonomy":"product_cat","embeddable":true,"href":"https:\/\/zl.jewelry\/pl\/wp-json\/wp\/v2\/product_cat?post=45241"},{"taxonomy":"product_tag","embeddable":true,"href":"https:\/\/zl.jewelry\/pl\/wp-json\/wp\/v2\/product_tag?post=45241"}],"curies":[{"name":"wp","href":"https:\/\/api.w.org\/{rel}","templated":true}]}}