{"id":45225,"date":"2025-06-18T10:57:40","date_gmt":"2025-06-18T10:57:40","guid":{"rendered":"https:\/\/zl.jewelry\/product\/ring-armor-of-god\/"},"modified":"2025-09-26T18:28:35","modified_gmt":"2025-09-26T18:28:35","slug":"ring-armor-of-god","status":"publish","type":"product","link":"https:\/\/zl.jewelry\/pl\/product\/ring-armor-of-god\/","title":{"rendered":"Pier\u015bcie\u0144 &#8222;Zbroi Bo\u017cej&#8221;"},"content":{"rendered":"<p>Pier\u015bcionek z po\u0142\u0105czenia cytrynu i bia\u0142ego z\u0142ota pr&oacute;by 585*. Boki pier\u015bcionka z bia\u0142ego z\u0142ota, rodowane. Podstawa z cytrynowego z\u0142ota, szeroko\u015b\u0107 obr\u0105czki 6-7 mm. Waga r&oacute;\u017cni si\u0119 w zale\u017cno\u015bci od rozmiaru.<\/p>\n<p>_x000D_<\/p>\n","protected":false},"excerpt":{"rendered":"<p>Pier\u015bcionek z po\u0142\u0105czenia cytrynu i bia\u0142ego z\u0142ota pr&oacute;by 585*. Boki pier\u015bcionka z bia\u0142ego z\u0142ota, rodowane. Podstawa z cytrynowego z\u0142ota, szeroko\u015b\u0107 obr\u0105czki 6-7 mm. Waga r&oacute;\u017cni si\u0119 w zale\u017cno\u015bci od rozmiaru. _x000D_<\/p>\n","protected":false},"featured_media":48515,"template":"","meta":{"_acf_changed":false},"product_brand":[],"product_cat":[517,588],"product_tag":[],"class_list":{"0":"post-45225","1":"product","2":"type-product","3":"status-publish","4":"has-post-thumbnail","6":"product_cat-mens-rings-and-seals-pl","7":"product_cat-smooth-rings-pl","9":"first","10":"instock","11":"product-type-simple"},"acf":[],"_links":{"self":[{"href":"https:\/\/zl.jewelry\/pl\/wp-json\/wp\/v2\/product\/45225","targetHints":{"allow":["GET"]}}],"collection":[{"href":"https:\/\/zl.jewelry\/pl\/wp-json\/wp\/v2\/product"}],"about":[{"href":"https:\/\/zl.jewelry\/pl\/wp-json\/wp\/v2\/types\/product"}],"wp:featuredmedia":[{"embeddable":true,"href":"https:\/\/zl.jewelry\/pl\/wp-json\/wp\/v2\/media\/48515"}],"wp:attachment":[{"href":"https:\/\/zl.jewelry\/pl\/wp-json\/wp\/v2\/media?parent=45225"}],"wp:term":[{"taxonomy":"product_brand","embeddable":true,"href":"https:\/\/zl.jewelry\/pl\/wp-json\/wp\/v2\/product_brand?post=45225"},{"taxonomy":"product_cat","embeddable":true,"href":"https:\/\/zl.jewelry\/pl\/wp-json\/wp\/v2\/product_cat?post=45225"},{"taxonomy":"product_tag","embeddable":true,"href":"https:\/\/zl.jewelry\/pl\/wp-json\/wp\/v2\/product_tag?post=45225"}],"curies":[{"name":"wp","href":"https:\/\/api.w.org\/{rel}","templated":true}]}}