{"id":45223,"date":"2025-06-18T10:57:40","date_gmt":"2025-06-18T10:57:40","guid":{"rendered":"https:\/\/zl.jewelry\/product\/ring-gift-of-ares\/"},"modified":"2025-09-26T18:28:35","modified_gmt":"2025-09-26T18:28:35","slug":"ring-gift-of-ares","status":"publish","type":"product","link":"https:\/\/zl.jewelry\/pl\/product\/ring-gift-of-ares\/","title":{"rendered":"Pier\u015bcionek &#8222;Dar Aresa&#8221;"},"content":{"rendered":"<p>M\u0119ski pier\u015bcionek z bia\u0142ego z\u0142ota, z wk\u0142adk\u0105 z w\u0142&oacute;kna w\u0119glowego w \u015brodku. Z\u0142oto rodowane. Szeroko\u015b\u0107 tego modelu wynosi 6 mm. Waga z\u0142ota w bi\u017cuterii zale\u017cy od jej rozmiapl. Model mo\u017ce zosta\u0107 zmieniony na \u017cyczenie klienta.<\/p>\n<p>_x000D_<\/p>\n","protected":false},"excerpt":{"rendered":"<p>M\u0119ski pier\u015bcionek z bia\u0142ego z\u0142ota, z wk\u0142adk\u0105 z w\u0142&oacute;kna w\u0119glowego w \u015brodku. Z\u0142oto rodowane. Szeroko\u015b\u0107 tego modelu wynosi 6 mm. Waga z\u0142ota w bi\u017cuterii zale\u017cy od jej rozmiapl. Model mo\u017ce zosta\u0107 zmieniony na \u017cyczenie klienta. _x000D_<\/p>\n","protected":false},"featured_media":45224,"template":"","meta":{"_acf_changed":false},"product_brand":[],"product_cat":[517,588],"product_tag":[],"class_list":{"0":"post-45223","1":"product","2":"type-product","3":"status-publish","4":"has-post-thumbnail","6":"product_cat-mens-rings-and-seals-pl","7":"product_cat-smooth-rings-pl","9":"first","10":"instock","11":"product-type-simple"},"acf":[],"_links":{"self":[{"href":"https:\/\/zl.jewelry\/pl\/wp-json\/wp\/v2\/product\/45223","targetHints":{"allow":["GET"]}}],"collection":[{"href":"https:\/\/zl.jewelry\/pl\/wp-json\/wp\/v2\/product"}],"about":[{"href":"https:\/\/zl.jewelry\/pl\/wp-json\/wp\/v2\/types\/product"}],"wp:featuredmedia":[{"embeddable":true,"href":"https:\/\/zl.jewelry\/pl\/wp-json\/wp\/v2\/media\/45224"}],"wp:attachment":[{"href":"https:\/\/zl.jewelry\/pl\/wp-json\/wp\/v2\/media?parent=45223"}],"wp:term":[{"taxonomy":"product_brand","embeddable":true,"href":"https:\/\/zl.jewelry\/pl\/wp-json\/wp\/v2\/product_brand?post=45223"},{"taxonomy":"product_cat","embeddable":true,"href":"https:\/\/zl.jewelry\/pl\/wp-json\/wp\/v2\/product_cat?post=45223"},{"taxonomy":"product_tag","embeddable":true,"href":"https:\/\/zl.jewelry\/pl\/wp-json\/wp\/v2\/product_tag?post=45223"}],"curies":[{"name":"wp","href":"https:\/\/api.w.org\/{rel}","templated":true}]}}