{"id":45205,"date":"2025-06-18T10:57:40","date_gmt":"2025-06-18T10:57:40","guid":{"rendered":"https:\/\/zl.jewelry\/product\/suspension-kyokushin\/"},"modified":"2025-09-26T18:28:33","modified_gmt":"2025-09-26T18:28:33","slug":"suspension-kyokushin","status":"publish","type":"product","link":"https:\/\/zl.jewelry\/pl\/product\/suspension-kyokushin\/","title":{"rendered":"Wisiorek \u201eKyokushinkai\u201d"},"content":{"rendered":"<p>Wisiorek z czerwonego z\u0142ota, waga zale\u017cy od wymiar\u00f3w bi\u017cuterii. Przy wysoko\u015bci wisiorka 50 mm i szeroko\u015bci 20 mm, waga z\u0142ota wynosi 8,50 grama. \u015arodek jest emaliowany na czarno z przodu i g\u0142adki z ty\u0142u.<\/p>\n<p>\n","protected":false},"excerpt":{"rendered":"<p>Wisiorek z czerwonego z\u0142ota, waga zale\u017cy od wymiar\u00f3w bi\u017cuterii. Przy wysoko\u015bci wisiorka 50 mm i szeroko\u015bci 20 mm, waga z\u0142ota wynosi 8,50 grama. \u015arodek jest emaliowany na czarno z przodu i g\u0142adki z ty\u0142u.<\/p>\n","protected":false},"featured_media":45206,"template":"","meta":{"_acf_changed":false},"product_brand":[],"product_cat":[563,568],"product_tag":[],"class_list":{"0":"post-45205","1":"product","2":"type-product","3":"status-publish","4":"has-post-thumbnail","6":"product_cat-gold-pendants-pl","7":"product_cat-without-inserts-2-pl","9":"first","10":"instock","11":"product-type-simple"},"acf":[],"_links":{"self":[{"href":"https:\/\/zl.jewelry\/pl\/wp-json\/wp\/v2\/product\/45205","targetHints":{"allow":["GET"]}}],"collection":[{"href":"https:\/\/zl.jewelry\/pl\/wp-json\/wp\/v2\/product"}],"about":[{"href":"https:\/\/zl.jewelry\/pl\/wp-json\/wp\/v2\/types\/product"}],"wp:featuredmedia":[{"embeddable":true,"href":"https:\/\/zl.jewelry\/pl\/wp-json\/wp\/v2\/media\/45206"}],"wp:attachment":[{"href":"https:\/\/zl.jewelry\/pl\/wp-json\/wp\/v2\/media?parent=45205"}],"wp:term":[{"taxonomy":"product_brand","embeddable":true,"href":"https:\/\/zl.jewelry\/pl\/wp-json\/wp\/v2\/product_brand?post=45205"},{"taxonomy":"product_cat","embeddable":true,"href":"https:\/\/zl.jewelry\/pl\/wp-json\/wp\/v2\/product_cat?post=45205"},{"taxonomy":"product_tag","embeddable":true,"href":"https:\/\/zl.jewelry\/pl\/wp-json\/wp\/v2\/product_tag?post=45205"}],"curies":[{"name":"wp","href":"https:\/\/api.w.org\/{rel}","templated":true}]}}