{"id":45201,"date":"2025-06-18T10:57:40","date_gmt":"2025-06-18T10:57:40","guid":{"rendered":"https:\/\/zl.jewelry\/product\/golden-cross-with-a-helm-and-an-anchor-on-a-wooden-base-with-a-prayer\/"},"modified":"2025-09-26T18:28:33","modified_gmt":"2025-09-26T18:28:33","slug":"golden-cross-with-a-helm-and-an-anchor-on-a-wooden-base-with-a-prayer","status":"publish","type":"product","link":"https:\/\/zl.jewelry\/pl\/product\/golden-cross-with-a-helm-and-an-anchor-on-a-wooden-base-with-a-prayer\/","title":{"rendered":"Z\u0142oty krzy\u017c z he\u0142mem i kotwic\u0105 na drewnianej podstawie z modlitw\u0105"},"content":{"rendered":"","protected":false},"excerpt":{"rendered":"","protected":false},"featured_media":45202,"template":"","meta":{"_acf_changed":false},"product_brand":[],"product_cat":[552,554,500,502],"product_tag":[],"class_list":{"0":"post-45201","1":"product","2":"type-product","3":"status-publish","4":"has-post-thumbnail","6":"product_cat-jewelry-for-sailors-pl","7":"product_cat-pendants-pl","8":"product_cat-golden-icons-pl","9":"product_cat-on-an-ebony-tree-pl","11":"first","12":"instock","13":"product-type-simple"},"acf":[],"_links":{"self":[{"href":"https:\/\/zl.jewelry\/pl\/wp-json\/wp\/v2\/product\/45201","targetHints":{"allow":["GET"]}}],"collection":[{"href":"https:\/\/zl.jewelry\/pl\/wp-json\/wp\/v2\/product"}],"about":[{"href":"https:\/\/zl.jewelry\/pl\/wp-json\/wp\/v2\/types\/product"}],"wp:featuredmedia":[{"embeddable":true,"href":"https:\/\/zl.jewelry\/pl\/wp-json\/wp\/v2\/media\/45202"}],"wp:attachment":[{"href":"https:\/\/zl.jewelry\/pl\/wp-json\/wp\/v2\/media?parent=45201"}],"wp:term":[{"taxonomy":"product_brand","embeddable":true,"href":"https:\/\/zl.jewelry\/pl\/wp-json\/wp\/v2\/product_brand?post=45201"},{"taxonomy":"product_cat","embeddable":true,"href":"https:\/\/zl.jewelry\/pl\/wp-json\/wp\/v2\/product_cat?post=45201"},{"taxonomy":"product_tag","embeddable":true,"href":"https:\/\/zl.jewelry\/pl\/wp-json\/wp\/v2\/product_tag?post=45201"}],"curies":[{"name":"wp","href":"https:\/\/api.w.org\/{rel}","templated":true}]}}