{"id":45185,"date":"2025-06-18T10:57:44","date_gmt":"2025-06-18T10:57:44","guid":{"rendered":"https:\/\/zl.jewelry\/product\/rings-diamond-wedding-with-a-diamond\/"},"modified":"2025-09-26T18:28:41","modified_gmt":"2025-09-26T18:28:41","slug":"rings-diamond-wedding-with-a-diamond","status":"publish","type":"product","link":"https:\/\/zl.jewelry\/pl\/product\/rings-diamond-wedding-with-a-diamond\/","title":{"rendered":"Obr\u0105czki &#8222;Diamond Wedding&#8221; z diamentem"},"content":{"rendered":"<p>Pier\u015bcionki zar\u0119czynowe w kolorze cytrynowym i bia\u0142ym ze z\u0142ota pr&oacute;by 585*. M\u0119ski pier\u015bcionek w kolorze cytrynowym, damski w bia\u0142ym. Grawerunek na ko\u0144cu pod emali\u0105. W pier\u015bcionku damskim znajduje si\u0119 brylant o \u015brednicy 2mm. Szeroko\u015b\u0107 obr\u0105czki wynosi 5 mm. Bia\u0142a obr\u0105czka jest rodowana.<\/p>\n<p>_x000D_<\/p>\n","protected":false},"excerpt":{"rendered":"<p>Pier\u015bcionki zar\u0119czynowe w kolorze cytrynowym i bia\u0142ym ze z\u0142ota pr&oacute;by 585*. M\u0119ski pier\u015bcionek w kolorze cytrynowym, damski w bia\u0142ym. Grawerunek na ko\u0144cu pod emali\u0105. W pier\u015bcionku damskim znajduje si\u0119 brylant o \u015brednicy 2mm. Szeroko\u015b\u0107 obr\u0105czki wynosi 5 mm. Bia\u0142a obr\u0105czka jest rodowana. _x000D_<\/p>\n","protected":false},"featured_media":45188,"template":"","meta":{"_acf_changed":false},"product_brand":[],"product_cat":[528,530,537,535],"product_tag":[],"class_list":{"0":"post-45185","1":"product","2":"type-product","3":"status-publish","4":"has-post-thumbnail","6":"product_cat-wedding-rings-pl","7":"product_cat-combined-wedding-rings-pl","8":"product_cat-with-rocks-4-pl","9":"product_cat-wedding-rings-with-diamonds-pl","11":"first","12":"instock","13":"product-type-simple"},"acf":[],"_links":{"self":[{"href":"https:\/\/zl.jewelry\/pl\/wp-json\/wp\/v2\/product\/45185","targetHints":{"allow":["GET"]}}],"collection":[{"href":"https:\/\/zl.jewelry\/pl\/wp-json\/wp\/v2\/product"}],"about":[{"href":"https:\/\/zl.jewelry\/pl\/wp-json\/wp\/v2\/types\/product"}],"wp:featuredmedia":[{"embeddable":true,"href":"https:\/\/zl.jewelry\/pl\/wp-json\/wp\/v2\/media\/45188"}],"wp:attachment":[{"href":"https:\/\/zl.jewelry\/pl\/wp-json\/wp\/v2\/media?parent=45185"}],"wp:term":[{"taxonomy":"product_brand","embeddable":true,"href":"https:\/\/zl.jewelry\/pl\/wp-json\/wp\/v2\/product_brand?post=45185"},{"taxonomy":"product_cat","embeddable":true,"href":"https:\/\/zl.jewelry\/pl\/wp-json\/wp\/v2\/product_cat?post=45185"},{"taxonomy":"product_tag","embeddable":true,"href":"https:\/\/zl.jewelry\/pl\/wp-json\/wp\/v2\/product_tag?post=45185"}],"curies":[{"name":"wp","href":"https:\/\/api.w.org\/{rel}","templated":true}]}}