{"id":45181,"date":"2025-06-18T10:57:44","date_gmt":"2025-06-18T10:57:44","guid":{"rendered":"https:\/\/zl.jewelry\/product\/gold-logo-agro-product\/"},"modified":"2025-09-26T18:28:41","modified_gmt":"2025-09-26T18:28:41","slug":"gold-logo-agro-product","status":"publish","type":"product","link":"https:\/\/zl.jewelry\/pl\/product\/gold-logo-agro-product\/","title":{"rendered":"Z\u0142ote logo &#8222;AGRO product&#8221;"},"content":{"rendered":"<p>Mo\u017cemy wykona\u0107 logo Twojej firmy lub pom&oacute;c Ci zrobi\u0107 mi\u0142y prezent.<\/p>\n<p>_x000D_<br \/>\n_x000D_<\/p>\n<p>Broszka z czerwonego z\u0142ota o wadze 3,70 grama. \u015arodkowa cz\u0119\u015b\u0107 pokryta jest zielon\u0105 emali\u0105.<\/p>\n<p>_x000D_<\/p>\n","protected":false},"excerpt":{"rendered":"<p>Mo\u017cemy wykona\u0107 logo Twojej firmy lub pom&oacute;c Ci zrobi\u0107 mi\u0142y prezent. _x000D_ _x000D_ Broszka z czerwonego z\u0142ota o wadze 3,70 grama. \u015arodkowa cz\u0119\u015b\u0107 pokryta jest zielon\u0105 emali\u0105. _x000D_<\/p>\n","protected":false},"featured_media":60329,"template":"","meta":{"_acf_changed":false},"product_brand":[],"product_cat":[576],"product_tag":[],"class_list":{"0":"post-45181","1":"product","2":"type-product","3":"status-publish","4":"has-post-thumbnail","6":"product_cat-other-pl","8":"first","9":"instock","10":"product-type-simple"},"acf":[],"_links":{"self":[{"href":"https:\/\/zl.jewelry\/pl\/wp-json\/wp\/v2\/product\/45181","targetHints":{"allow":["GET"]}}],"collection":[{"href":"https:\/\/zl.jewelry\/pl\/wp-json\/wp\/v2\/product"}],"about":[{"href":"https:\/\/zl.jewelry\/pl\/wp-json\/wp\/v2\/types\/product"}],"wp:featuredmedia":[{"embeddable":true,"href":"https:\/\/zl.jewelry\/pl\/wp-json\/wp\/v2\/media\/60329"}],"wp:attachment":[{"href":"https:\/\/zl.jewelry\/pl\/wp-json\/wp\/v2\/media?parent=45181"}],"wp:term":[{"taxonomy":"product_brand","embeddable":true,"href":"https:\/\/zl.jewelry\/pl\/wp-json\/wp\/v2\/product_brand?post=45181"},{"taxonomy":"product_cat","embeddable":true,"href":"https:\/\/zl.jewelry\/pl\/wp-json\/wp\/v2\/product_cat?post=45181"},{"taxonomy":"product_tag","embeddable":true,"href":"https:\/\/zl.jewelry\/pl\/wp-json\/wp\/v2\/product_tag?post=45181"}],"curies":[{"name":"wp","href":"https:\/\/api.w.org\/{rel}","templated":true}]}}