{"id":45177,"date":"2025-06-18T10:57:44","date_gmt":"2025-06-18T10:57:44","guid":{"rendered":"https:\/\/zl.jewelry\/product\/ring-of-white-gold-with-a-scattering-of-stones-along-the-edge\/"},"modified":"2025-09-26T18:28:40","modified_gmt":"2025-09-26T18:28:40","slug":"ring-of-white-gold-with-a-scattering-of-stones-along-the-edge","status":"publish","type":"product","link":"https:\/\/zl.jewelry\/pl\/product\/ring-of-white-gold-with-a-scattering-of-stones-along-the-edge\/","title":{"rendered":"Pier\u015bcionek z bia\u0142ego z\u0142ota z rozproszonymi kamieniami na kraw\u0119dzi"},"content":{"rendered":"","protected":false},"excerpt":{"rendered":"","protected":false},"featured_media":45178,"template":"","meta":{"_acf_changed":false},"product_brand":[],"product_cat":[528,536,537,535],"product_tag":[],"class_list":{"0":"post-45177","1":"product","2":"type-product","3":"status-publish","4":"has-post-thumbnail","6":"product_cat-wedding-rings-pl","7":"product_cat-white-gold-wedding-rings-pl","8":"product_cat-with-rocks-4-pl","9":"product_cat-wedding-rings-with-diamonds-pl","11":"first","12":"instock","13":"product-type-simple"},"acf":[],"_links":{"self":[{"href":"https:\/\/zl.jewelry\/pl\/wp-json\/wp\/v2\/product\/45177","targetHints":{"allow":["GET"]}}],"collection":[{"href":"https:\/\/zl.jewelry\/pl\/wp-json\/wp\/v2\/product"}],"about":[{"href":"https:\/\/zl.jewelry\/pl\/wp-json\/wp\/v2\/types\/product"}],"wp:featuredmedia":[{"embeddable":true,"href":"https:\/\/zl.jewelry\/pl\/wp-json\/wp\/v2\/media\/45178"}],"wp:attachment":[{"href":"https:\/\/zl.jewelry\/pl\/wp-json\/wp\/v2\/media?parent=45177"}],"wp:term":[{"taxonomy":"product_brand","embeddable":true,"href":"https:\/\/zl.jewelry\/pl\/wp-json\/wp\/v2\/product_brand?post=45177"},{"taxonomy":"product_cat","embeddable":true,"href":"https:\/\/zl.jewelry\/pl\/wp-json\/wp\/v2\/product_cat?post=45177"},{"taxonomy":"product_tag","embeddable":true,"href":"https:\/\/zl.jewelry\/pl\/wp-json\/wp\/v2\/product_tag?post=45177"}],"curies":[{"name":"wp","href":"https:\/\/api.w.org\/{rel}","templated":true}]}}