{"id":45173,"date":"2025-06-18T10:57:44","date_gmt":"2025-06-18T10:57:44","guid":{"rendered":"https:\/\/zl.jewelry\/product\/bracelet-blessing-in-latvian\/"},"modified":"2025-09-26T18:28:40","modified_gmt":"2025-09-26T18:28:40","slug":"bracelet-blessing-in-latvian","status":"publish","type":"product","link":"https:\/\/zl.jewelry\/pl\/product\/bracelet-blessing-in-latvian\/","title":{"rendered":"Bransoletka &#8222;B\u0142ogos\u0142awie\u0144stwo&#8221; w j\u0119zyku \u0142otewskim"},"content":{"rendered":"<p>Bransoletka sznurkowa z czerwonymi z\u0142otymi wstawkami. Waga bransoletki jest stosunkiem rozmiaru, \u015brednicy i liczby cz\u0119\u015bci, przy rozmiarze 19,5 waga z\u0142otych wstawek wynosi 47,98 grama, \u015brednica liny wynosi 6 mm. Na \u015brodkowej wk\u0142adce znajduje si\u0119 modlitwa w j\u0119zyku \u0142otewskim. Na jednej z bocznych wk\u0142adek znajduje si\u0119 wizerunek Miko\u0142aja Cudotw\u00f3rcy, na drugiej &#8211; wizerunek jelenia. Zamek jest prostok\u0105tnym pude\u0142kiem z jednym zamkiem, z wizerunkiem Jezusa na przedniej stronie. Na wewn\u0119trznych stronach wk\u0142adek&nbsp;przedstawione imiona, na \u017cyczenie klienta. Bransoleta pokryta jest niello. Wz\u00f3r mo\u017ce by\u0107 modyfikowany.<\/p>\n","protected":false},"excerpt":{"rendered":"<p>Bransoletka sznurkowa z czerwonymi z\u0142otymi wstawkami. Waga bransoletki jest stosunkiem rozmiaru, \u015brednicy i liczby cz\u0119\u015bci, przy rozmiarze 19,5 waga z\u0142otych wstawek wynosi 47,98 grama, \u015brednica liny wynosi 6 mm. Na \u015brodkowej wk\u0142adce znajduje si\u0119 modlitwa w j\u0119zyku \u0142otewskim. Na jednej z bocznych wk\u0142adek znajduje si\u0119 wizerunek Miko\u0142aja Cudotw\u00f3rcy, na drugiej &#8211; wizerunek jelenia. Zamek jest&#8230;<\/p>\n","protected":false},"featured_media":45174,"template":"","meta":{"_acf_changed":false},"product_brand":[],"product_cat":[557,559,562],"product_tag":[],"class_list":{"0":"post-45173","1":"product","2":"type-product","3":"status-publish","4":"has-post-thumbnail","6":"product_cat-bracelets-pl","7":"product_cat-gold-bracelets-from-30-gr-pl","8":"product_cat-silk-bracelets-with-gold-inserts-pl","10":"first","11":"instock","12":"product-type-simple"},"acf":[],"_links":{"self":[{"href":"https:\/\/zl.jewelry\/pl\/wp-json\/wp\/v2\/product\/45173","targetHints":{"allow":["GET"]}}],"collection":[{"href":"https:\/\/zl.jewelry\/pl\/wp-json\/wp\/v2\/product"}],"about":[{"href":"https:\/\/zl.jewelry\/pl\/wp-json\/wp\/v2\/types\/product"}],"wp:featuredmedia":[{"embeddable":true,"href":"https:\/\/zl.jewelry\/pl\/wp-json\/wp\/v2\/media\/45174"}],"wp:attachment":[{"href":"https:\/\/zl.jewelry\/pl\/wp-json\/wp\/v2\/media?parent=45173"}],"wp:term":[{"taxonomy":"product_brand","embeddable":true,"href":"https:\/\/zl.jewelry\/pl\/wp-json\/wp\/v2\/product_brand?post=45173"},{"taxonomy":"product_cat","embeddable":true,"href":"https:\/\/zl.jewelry\/pl\/wp-json\/wp\/v2\/product_cat?post=45173"},{"taxonomy":"product_tag","embeddable":true,"href":"https:\/\/zl.jewelry\/pl\/wp-json\/wp\/v2\/product_tag?post=45173"}],"curies":[{"name":"wp","href":"https:\/\/api.w.org\/{rel}","templated":true}]}}