{"id":45165,"date":"2025-06-18T10:57:44","date_gmt":"2025-06-18T10:57:44","guid":{"rendered":"https:\/\/zl.jewelry\/product\/white-gold-ring\/"},"modified":"2025-09-26T18:28:39","modified_gmt":"2025-09-26T18:28:39","slug":"white-gold-ring","status":"publish","type":"product","link":"https:\/\/zl.jewelry\/pl\/product\/white-gold-ring\/","title":{"rendered":"Pier\u015bcionek z bia\u0142ego z\u0142ota"},"content":{"rendered":"<p>Pier\u015bcionek z bia\u0142ego z\u0142ota, rodowany, waga jest proporcjonalna do rozmiapl. Przednia strona jest wysadzana kamieniami, \u015brodkowy kamie\u0144 ma \u015brednic\u0119 4,00 mm, boczne kamienie maj\u0105 2,00 mm (16 sztuk); 1,5 mm (16 sztuk), ka\u017cdy mo\u017ce by\u0107 ustawiony zgodnie z \u017cyczeniem klienta..&nbsp;<\/p>\n","protected":false},"excerpt":{"rendered":"<p>Pier\u015bcionek z bia\u0142ego z\u0142ota, rodowany, waga jest proporcjonalna do rozmiapl. Przednia strona jest wysadzana kamieniami, \u015brodkowy kamie\u0144 ma \u015brednic\u0119 4,00 mm, boczne kamienie maj\u0105 2,00 mm (16 sztuk); 1,5 mm (16 sztuk), ka\u017cdy mo\u017ce by\u0107 ustawiony zgodnie z \u017cyczeniem klienta..&nbsp;<\/p>\n","protected":false},"featured_media":45166,"template":"","meta":{"_acf_changed":false},"product_brand":[],"product_cat":[523,527],"product_tag":[],"class_list":{"0":"post-45165","1":"product","2":"type-product","3":"status-publish","4":"has-post-thumbnail","6":"product_cat-engagement-rings-pl","7":"product_cat-white-gold-engagement-rings-pl","9":"first","10":"instock","11":"product-type-simple"},"acf":[],"_links":{"self":[{"href":"https:\/\/zl.jewelry\/pl\/wp-json\/wp\/v2\/product\/45165","targetHints":{"allow":["GET"]}}],"collection":[{"href":"https:\/\/zl.jewelry\/pl\/wp-json\/wp\/v2\/product"}],"about":[{"href":"https:\/\/zl.jewelry\/pl\/wp-json\/wp\/v2\/types\/product"}],"wp:featuredmedia":[{"embeddable":true,"href":"https:\/\/zl.jewelry\/pl\/wp-json\/wp\/v2\/media\/45166"}],"wp:attachment":[{"href":"https:\/\/zl.jewelry\/pl\/wp-json\/wp\/v2\/media?parent=45165"}],"wp:term":[{"taxonomy":"product_brand","embeddable":true,"href":"https:\/\/zl.jewelry\/pl\/wp-json\/wp\/v2\/product_brand?post=45165"},{"taxonomy":"product_cat","embeddable":true,"href":"https:\/\/zl.jewelry\/pl\/wp-json\/wp\/v2\/product_cat?post=45165"},{"taxonomy":"product_tag","embeddable":true,"href":"https:\/\/zl.jewelry\/pl\/wp-json\/wp\/v2\/product_tag?post=45165"}],"curies":[{"name":"wp","href":"https:\/\/api.w.org\/{rel}","templated":true}]}}