{"id":45157,"date":"2025-06-18T10:57:44","date_gmt":"2025-06-18T10:57:44","guid":{"rendered":"https:\/\/zl.jewelry\/product\/gold-engagement-ring-3\/"},"modified":"2025-09-26T18:29:16","modified_gmt":"2025-09-26T18:29:16","slug":"gold-engagement-ring-3","status":"publish","type":"product","link":"https:\/\/zl.jewelry\/pl\/product\/gold-engagement-ring-3\/","title":{"rendered":"Z\u0142oty pier\u015bcionek zar\u0119czynowy &#8222;Parallels&#8221;"},"content":{"rendered":"<p>Pier\u015bcionek z czerwonego z\u0142ota, waga r&oacute;\u017cni si\u0119 w zale\u017cno\u015bci od rozmiapl bi\u017cuterii. Przy rozmiarze 17,5 waga wynosi 3,50 grama. Pier\u015bcionek wysadzany jest kamieniami o \u015brednicy 3,5 mm; 1,25 (17 szt.). Istnieje mo\u017cliwo\u015b\u0107 osadzenia dowolnych kamieni zgodnie z \u017cyczeniem klienta.<\/p>\n<p>_x000D_<\/p>\n","protected":false},"excerpt":{"rendered":"<p>Pier\u015bcionek z czerwonego z\u0142ota, waga r&oacute;\u017cni si\u0119 w zale\u017cno\u015bci od rozmiapl bi\u017cuterii. Przy rozmiarze 17,5 waga wynosi 3,50 grama. Pier\u015bcionek wysadzany jest kamieniami o \u015brednicy 3,5 mm; 1,25 (17 szt.). Istnieje mo\u017cliwo\u015b\u0107 osadzenia dowolnych kamieni zgodnie z \u017cyczeniem klienta. _x000D_<\/p>\n","protected":false},"featured_media":45158,"template":"","meta":{"_acf_changed":false},"product_brand":[],"product_cat":[523,524,526],"product_tag":[],"class_list":{"0":"post-45157","1":"product","2":"type-product","3":"status-publish","4":"has-post-thumbnail","6":"product_cat-engagement-rings-pl","7":"product_cat-engagement-rings-with-diamonds-pl","8":"product_cat-red-gold-engagement-rings-pl","10":"first","11":"instock","12":"product-type-simple"},"acf":[],"_links":{"self":[{"href":"https:\/\/zl.jewelry\/pl\/wp-json\/wp\/v2\/product\/45157","targetHints":{"allow":["GET"]}}],"collection":[{"href":"https:\/\/zl.jewelry\/pl\/wp-json\/wp\/v2\/product"}],"about":[{"href":"https:\/\/zl.jewelry\/pl\/wp-json\/wp\/v2\/types\/product"}],"wp:featuredmedia":[{"embeddable":true,"href":"https:\/\/zl.jewelry\/pl\/wp-json\/wp\/v2\/media\/45158"}],"wp:attachment":[{"href":"https:\/\/zl.jewelry\/pl\/wp-json\/wp\/v2\/media?parent=45157"}],"wp:term":[{"taxonomy":"product_brand","embeddable":true,"href":"https:\/\/zl.jewelry\/pl\/wp-json\/wp\/v2\/product_brand?post=45157"},{"taxonomy":"product_cat","embeddable":true,"href":"https:\/\/zl.jewelry\/pl\/wp-json\/wp\/v2\/product_cat?post=45157"},{"taxonomy":"product_tag","embeddable":true,"href":"https:\/\/zl.jewelry\/pl\/wp-json\/wp\/v2\/product_tag?post=45157"}],"curies":[{"name":"wp","href":"https:\/\/api.w.org\/{rel}","templated":true}]}}