{"id":45153,"date":"2025-06-18T10:57:52","date_gmt":"2025-06-18T10:57:52","guid":{"rendered":"https:\/\/zl.jewelry\/product\/glossy-small-black-box\/"},"modified":"2025-09-26T18:28:46","modified_gmt":"2025-09-26T18:28:46","slug":"glossy-small-black-box","status":"publish","type":"product","link":"https:\/\/zl.jewelry\/pl\/product\/glossy-small-black-box\/","title":{"rendered":"B\u0142yszcz\u0105ce ma\u0142e czarne pude\u0142ko"},"content":{"rendered":"","protected":false},"excerpt":{"rendered":"","protected":false},"featured_media":60656,"template":"","meta":{"_acf_changed":false},"product_brand":[],"product_cat":[577],"product_tag":[],"class_list":{"0":"post-45153","1":"product","2":"type-product","3":"status-publish","4":"has-post-thumbnail","6":"product_cat-certificate-and-packaging-pl","8":"first","9":"instock","10":"product-type-simple"},"acf":[],"_links":{"self":[{"href":"https:\/\/zl.jewelry\/pl\/wp-json\/wp\/v2\/product\/45153","targetHints":{"allow":["GET"]}}],"collection":[{"href":"https:\/\/zl.jewelry\/pl\/wp-json\/wp\/v2\/product"}],"about":[{"href":"https:\/\/zl.jewelry\/pl\/wp-json\/wp\/v2\/types\/product"}],"wp:featuredmedia":[{"embeddable":true,"href":"https:\/\/zl.jewelry\/pl\/wp-json\/wp\/v2\/media\/60656"}],"wp:attachment":[{"href":"https:\/\/zl.jewelry\/pl\/wp-json\/wp\/v2\/media?parent=45153"}],"wp:term":[{"taxonomy":"product_brand","embeddable":true,"href":"https:\/\/zl.jewelry\/pl\/wp-json\/wp\/v2\/product_brand?post=45153"},{"taxonomy":"product_cat","embeddable":true,"href":"https:\/\/zl.jewelry\/pl\/wp-json\/wp\/v2\/product_cat?post=45153"},{"taxonomy":"product_tag","embeddable":true,"href":"https:\/\/zl.jewelry\/pl\/wp-json\/wp\/v2\/product_tag?post=45153"}],"curies":[{"name":"wp","href":"https:\/\/api.w.org\/{rel}","templated":true}]}}