{"id":45146,"date":"2025-06-18T10:57:52","date_gmt":"2025-06-18T10:57:52","guid":{"rendered":"https:\/\/zl.jewelry\/product\/wedding-rings-swallows\/"},"modified":"2025-09-26T18:28:46","modified_gmt":"2025-09-26T18:28:46","slug":"wedding-rings-swallows","status":"publish","type":"product","link":"https:\/\/zl.jewelry\/pl\/product\/wedding-rings-swallows\/","title":{"rendered":"Obr\u0105czki \u015blubne &#8222;Jask\u00f3\u0142ki&#8221;"},"content":{"rendered":"<p>Obr\u0105czki \u015blubne w kolorze \u0142\u0105czonego z\u0142ota. Podstawa obr\u0105czki damskiej z bia\u0142ego z\u0142ota, nak\u0142adka z czerwonego z\u0142ota. Obr\u0105czka m\u0119ska podstawa z czerwonego z\u0142ota, nak\u0142adka z bia\u0142ego z\u0142ota. Na nak\u0142adkach znajduj\u0105 si\u0119 daty rzymskie.&nbsp; &nbsp; Na obr\u0105czce m\u0119skiej znajduje si\u0119 wstawiony kamie\u0144 o \u015brednicy 3,25 mm, kolopl czarnego, na obr\u0105czce damskiej znajduje si\u0119 bezbarwny kamie\u0144 o \u015brednicy 2,75 mm.&nbsp; Gplbo\u015b\u0107 obr\u0105czek wynosi 1,5 mm. Elementy wykonane s\u0105 z bia\u0142ego z\u0142ota pokrytego rodem. Wewn\u0105trz obr\u0105czek grawer, na \u017cyczenie klienta. Istnieje mo\u017cliwo\u015b\u0107 osadzenia dowolnych kamieni, na \u017cyczenie klienta. Waga jest zale\u017cna od rozmiapl.<\/p>\n<p>_x000D_<\/p>\n","protected":false},"excerpt":{"rendered":"<p>Obr\u0105czki \u015blubne w kolorze \u0142\u0105czonego z\u0142ota. Podstawa obr\u0105czki damskiej z bia\u0142ego z\u0142ota, nak\u0142adka z czerwonego z\u0142ota. Obr\u0105czka m\u0119ska podstawa z czerwonego z\u0142ota, nak\u0142adka z bia\u0142ego z\u0142ota. Na nak\u0142adkach znajduj\u0105 si\u0119 daty rzymskie.&nbsp; &nbsp; Na obr\u0105czce m\u0119skiej znajduje si\u0119 wstawiony kamie\u0144 o \u015brednicy 3,25 mm, kolopl czarnego, na obr\u0105czce damskiej znajduje si\u0119 bezbarwny kamie\u0144 o \u015brednicy&#8230;<\/p>\n","protected":false},"featured_media":45147,"template":"","meta":{"_acf_changed":false},"product_brand":[],"product_cat":[528,530,537,535],"product_tag":[],"class_list":{"0":"post-45146","1":"product","2":"type-product","3":"status-publish","4":"has-post-thumbnail","6":"product_cat-wedding-rings-pl","7":"product_cat-combined-wedding-rings-pl","8":"product_cat-with-rocks-4-pl","9":"product_cat-wedding-rings-with-diamonds-pl","11":"first","12":"instock","13":"product-type-simple"},"acf":[],"_links":{"self":[{"href":"https:\/\/zl.jewelry\/pl\/wp-json\/wp\/v2\/product\/45146","targetHints":{"allow":["GET"]}}],"collection":[{"href":"https:\/\/zl.jewelry\/pl\/wp-json\/wp\/v2\/product"}],"about":[{"href":"https:\/\/zl.jewelry\/pl\/wp-json\/wp\/v2\/types\/product"}],"wp:featuredmedia":[{"embeddable":true,"href":"https:\/\/zl.jewelry\/pl\/wp-json\/wp\/v2\/media\/45147"}],"wp:attachment":[{"href":"https:\/\/zl.jewelry\/pl\/wp-json\/wp\/v2\/media?parent=45146"}],"wp:term":[{"taxonomy":"product_brand","embeddable":true,"href":"https:\/\/zl.jewelry\/pl\/wp-json\/wp\/v2\/product_brand?post=45146"},{"taxonomy":"product_cat","embeddable":true,"href":"https:\/\/zl.jewelry\/pl\/wp-json\/wp\/v2\/product_cat?post=45146"},{"taxonomy":"product_tag","embeddable":true,"href":"https:\/\/zl.jewelry\/pl\/wp-json\/wp\/v2\/product_tag?post=45146"}],"curies":[{"name":"wp","href":"https:\/\/api.w.org\/{rel}","templated":true}]}}