{"id":45144,"date":"2025-06-18T10:57:52","date_gmt":"2025-06-18T10:57:52","guid":{"rendered":"https:\/\/zl.jewelry\/product\/wedding-rings-classic-narrow\/"},"modified":"2025-09-26T18:28:46","modified_gmt":"2025-09-26T18:28:46","slug":"wedding-rings-classic-narrow","status":"publish","type":"product","link":"https:\/\/zl.jewelry\/pl\/product\/wedding-rings-classic-narrow\/","title":{"rendered":"Obr\u0105czki \u015blubne &#8222;Classic&#8221; w\u0105skie"},"content":{"rendered":"<p>Pier\u015bcionki zar\u0119czynowe z czerwonego z\u0142ota, waga r&oacute;\u017cni si\u0119 w zale\u017cno\u015bci od rozmiapl. Szeroko\u015b\u0107 pr\u0119ta wynosi 3,1 mm, gplbo\u015b\u0107 obr\u0105czek wynosi 1,3 mm..<\/p>\n<p>_x000D_<\/p>\n","protected":false},"excerpt":{"rendered":"<p>Pier\u015bcionki zar\u0119czynowe z czerwonego z\u0142ota, waga r&oacute;\u017cni si\u0119 w zale\u017cno\u015bci od rozmiapl. Szeroko\u015b\u0107 pr\u0119ta wynosi 3,1 mm, gplbo\u015b\u0107 obr\u0105czek wynosi 1,3 mm.. _x000D_<\/p>\n","protected":false},"featured_media":45145,"template":"","meta":{"_acf_changed":false},"product_brand":[],"product_cat":[528,529,533,346],"product_tag":[],"class_list":{"0":"post-45144","1":"product","2":"type-product","3":"status-publish","4":"has-post-thumbnail","6":"product_cat-wedding-rings-pl","7":"product_cat-classic-and-flat-pl","8":"product_cat-red-gold-wedding-rings-pl","9":"product_cat-bez-kategorii-2","11":"first","12":"instock","13":"product-type-simple"},"acf":[],"_links":{"self":[{"href":"https:\/\/zl.jewelry\/pl\/wp-json\/wp\/v2\/product\/45144","targetHints":{"allow":["GET"]}}],"collection":[{"href":"https:\/\/zl.jewelry\/pl\/wp-json\/wp\/v2\/product"}],"about":[{"href":"https:\/\/zl.jewelry\/pl\/wp-json\/wp\/v2\/types\/product"}],"wp:featuredmedia":[{"embeddable":true,"href":"https:\/\/zl.jewelry\/pl\/wp-json\/wp\/v2\/media\/45145"}],"wp:attachment":[{"href":"https:\/\/zl.jewelry\/pl\/wp-json\/wp\/v2\/media?parent=45144"}],"wp:term":[{"taxonomy":"product_brand","embeddable":true,"href":"https:\/\/zl.jewelry\/pl\/wp-json\/wp\/v2\/product_brand?post=45144"},{"taxonomy":"product_cat","embeddable":true,"href":"https:\/\/zl.jewelry\/pl\/wp-json\/wp\/v2\/product_cat?post=45144"},{"taxonomy":"product_tag","embeddable":true,"href":"https:\/\/zl.jewelry\/pl\/wp-json\/wp\/v2\/product_tag?post=45144"}],"curies":[{"name":"wp","href":"https:\/\/api.w.org\/{rel}","templated":true}]}}