{"id":45142,"date":"2025-06-18T10:57:52","date_gmt":"2025-06-18T10:57:52","guid":{"rendered":"https:\/\/zl.jewelry\/product\/sea-signet-mayak-2\/"},"modified":"2026-05-04T07:22:50","modified_gmt":"2026-05-04T07:22:50","slug":"sea-signet-mayak-2","status":"publish","type":"product","link":"https:\/\/zl.jewelry\/pl\/product\/sea-signet-mayak-2\/","title":{"rendered":"Pier\u015bcionek \u017ceglarska &#8222;Lighthouse&#8221;"},"content":{"rendered":"<p><span style=\"font-size: 16px;\"><span style=\"color: #4d4d4d; font-family: Roboto, sans-serif;\">Je\u015bli chcesz znale\u017a\u0107 odpowiedni rozmiar dla siebie, zapoznaj si\u0119 z nasz\u0105 sekcj\u0105 Pier\u015bcionki i plomby dla m\u0119\u017cczyzn.<\/span><\/span><\/p>\n","protected":false},"excerpt":{"rendered":"<p>Je\u015bli chcesz znale\u017a\u0107 odpowiedni rozmiar dla siebie, zapoznaj si\u0119 z nasz\u0105 sekcj\u0105 Pier\u015bcionki i plomby dla m\u0119\u017cczyzn.<\/p>\n","protected":false},"featured_media":59317,"template":"","meta":{"_acf_changed":false},"product_brand":[],"product_cat":[552,517,555,589],"product_tag":[],"class_list":{"0":"post-45142","1":"product","2":"type-product","3":"status-publish","4":"has-post-thumbnail","6":"product_cat-jewelry-for-sailors-pl","7":"product_cat-mens-rings-and-seals-pl","8":"product_cat-seals-pl","9":"product_cat-signet-rings-pl","11":"first","12":"instock","13":"product-type-simple"},"acf":[],"_links":{"self":[{"href":"https:\/\/zl.jewelry\/pl\/wp-json\/wp\/v2\/product\/45142","targetHints":{"allow":["GET"]}}],"collection":[{"href":"https:\/\/zl.jewelry\/pl\/wp-json\/wp\/v2\/product"}],"about":[{"href":"https:\/\/zl.jewelry\/pl\/wp-json\/wp\/v2\/types\/product"}],"wp:featuredmedia":[{"embeddable":true,"href":"https:\/\/zl.jewelry\/pl\/wp-json\/wp\/v2\/media\/59317"}],"wp:attachment":[{"href":"https:\/\/zl.jewelry\/pl\/wp-json\/wp\/v2\/media?parent=45142"}],"wp:term":[{"taxonomy":"product_brand","embeddable":true,"href":"https:\/\/zl.jewelry\/pl\/wp-json\/wp\/v2\/product_brand?post=45142"},{"taxonomy":"product_cat","embeddable":true,"href":"https:\/\/zl.jewelry\/pl\/wp-json\/wp\/v2\/product_cat?post=45142"},{"taxonomy":"product_tag","embeddable":true,"href":"https:\/\/zl.jewelry\/pl\/wp-json\/wp\/v2\/product_tag?post=45142"}],"curies":[{"name":"wp","href":"https:\/\/api.w.org\/{rel}","templated":true}]}}