{"id":45130,"date":"2025-06-18T10:57:52","date_gmt":"2025-06-18T10:57:52","guid":{"rendered":"https:\/\/zl.jewelry\/product\/ring-love-with-a-diamond\/"},"modified":"2025-09-26T18:28:45","modified_gmt":"2025-09-26T18:28:45","slug":"ring-love-with-a-diamond","status":"publish","type":"product","link":"https:\/\/zl.jewelry\/pl\/product\/ring-love-with-a-diamond\/","title":{"rendered":"Pier\u015bcionek &#8222;Love&#8221; z diamentem"},"content":{"rendered":"<p>Pier\u015bcionek zar\u0119czynowy z bia\u0142ego z\u0142ota z kokardk\u0105 z czerwonego z\u0142ota. Waga z\u0142ota w bi\u017cuterii jest proporcjonalna do rozmiapl, przy rozmiarze 17 waga wynosi 3,50 grama. Kamie\u0144 ma \u015brednic\u0119 3,5 mm, mo\u017cna ustawi\u0107 dowolny kamie\u0144, zgodnie z \u017cyczeniem klienta. Szczeg\u00f3\u0142y, \u017ce w bia\u0142ym z\u0142ocie, platerowane rodem.<\/p>\n","protected":false},"excerpt":{"rendered":"<p>Pier\u015bcionek zar\u0119czynowy z bia\u0142ego z\u0142ota z kokardk\u0105 z czerwonego z\u0142ota. Waga z\u0142ota w bi\u017cuterii jest proporcjonalna do rozmiapl, przy rozmiarze 17 waga wynosi 3,50 grama. Kamie\u0144 ma \u015brednic\u0119 3,5 mm, mo\u017cna ustawi\u0107 dowolny kamie\u0144, zgodnie z \u017cyczeniem klienta. Szczeg\u00f3\u0142y, \u017ce w bia\u0142ym z\u0142ocie, platerowane rodem.<\/p>\n","protected":false},"featured_media":45131,"template":"","meta":{"_acf_changed":false},"product_brand":[],"product_cat":[523,524,527],"product_tag":[],"class_list":{"0":"post-45130","1":"product","2":"type-product","3":"status-publish","4":"has-post-thumbnail","6":"product_cat-engagement-rings-pl","7":"product_cat-engagement-rings-with-diamonds-pl","8":"product_cat-white-gold-engagement-rings-pl","10":"first","11":"instock","12":"product-type-simple"},"acf":[],"_links":{"self":[{"href":"https:\/\/zl.jewelry\/pl\/wp-json\/wp\/v2\/product\/45130","targetHints":{"allow":["GET"]}}],"collection":[{"href":"https:\/\/zl.jewelry\/pl\/wp-json\/wp\/v2\/product"}],"about":[{"href":"https:\/\/zl.jewelry\/pl\/wp-json\/wp\/v2\/types\/product"}],"wp:featuredmedia":[{"embeddable":true,"href":"https:\/\/zl.jewelry\/pl\/wp-json\/wp\/v2\/media\/45131"}],"wp:attachment":[{"href":"https:\/\/zl.jewelry\/pl\/wp-json\/wp\/v2\/media?parent=45130"}],"wp:term":[{"taxonomy":"product_brand","embeddable":true,"href":"https:\/\/zl.jewelry\/pl\/wp-json\/wp\/v2\/product_brand?post=45130"},{"taxonomy":"product_cat","embeddable":true,"href":"https:\/\/zl.jewelry\/pl\/wp-json\/wp\/v2\/product_cat?post=45130"},{"taxonomy":"product_tag","embeddable":true,"href":"https:\/\/zl.jewelry\/pl\/wp-json\/wp\/v2\/product_tag?post=45130"}],"curies":[{"name":"wp","href":"https:\/\/api.w.org\/{rel}","templated":true}]}}