{"id":45128,"date":"2025-06-18T10:57:52","date_gmt":"2025-06-18T10:57:52","guid":{"rendered":"https:\/\/zl.jewelry\/product\/ring-eternity-with-a-stone\/"},"modified":"2025-09-26T18:28:45","modified_gmt":"2025-09-26T18:28:45","slug":"ring-eternity-with-a-stone","status":"publish","type":"product","link":"https:\/\/zl.jewelry\/pl\/product\/ring-eternity-with-a-stone\/","title":{"rendered":"Pier\u015bcionek &#8222;Wieczno\u015b\u0107&#8221; z kamieniem"},"content":{"rendered":"","protected":false},"excerpt":{"rendered":"","protected":false},"featured_media":45129,"template":"","meta":{"_acf_changed":false},"product_brand":[],"product_cat":[523,524,526],"product_tag":[],"class_list":{"0":"post-45128","1":"product","2":"type-product","3":"status-publish","4":"has-post-thumbnail","6":"product_cat-engagement-rings-pl","7":"product_cat-engagement-rings-with-diamonds-pl","8":"product_cat-red-gold-engagement-rings-pl","10":"first","11":"instock","12":"product-type-simple"},"acf":[],"_links":{"self":[{"href":"https:\/\/zl.jewelry\/pl\/wp-json\/wp\/v2\/product\/45128","targetHints":{"allow":["GET"]}}],"collection":[{"href":"https:\/\/zl.jewelry\/pl\/wp-json\/wp\/v2\/product"}],"about":[{"href":"https:\/\/zl.jewelry\/pl\/wp-json\/wp\/v2\/types\/product"}],"wp:featuredmedia":[{"embeddable":true,"href":"https:\/\/zl.jewelry\/pl\/wp-json\/wp\/v2\/media\/45129"}],"wp:attachment":[{"href":"https:\/\/zl.jewelry\/pl\/wp-json\/wp\/v2\/media?parent=45128"}],"wp:term":[{"taxonomy":"product_brand","embeddable":true,"href":"https:\/\/zl.jewelry\/pl\/wp-json\/wp\/v2\/product_brand?post=45128"},{"taxonomy":"product_cat","embeddable":true,"href":"https:\/\/zl.jewelry\/pl\/wp-json\/wp\/v2\/product_cat?post=45128"},{"taxonomy":"product_tag","embeddable":true,"href":"https:\/\/zl.jewelry\/pl\/wp-json\/wp\/v2\/product_tag?post=45128"}],"curies":[{"name":"wp","href":"https:\/\/api.w.org\/{rel}","templated":true}]}}