{"id":45126,"date":"2025-06-18T10:57:52","date_gmt":"2025-06-18T10:57:52","guid":{"rendered":"https:\/\/zl.jewelry\/product\/ring-constellation\/"},"modified":"2026-05-02T13:19:13","modified_gmt":"2026-05-02T13:19:13","slug":"ring-constellation","status":"publish","type":"product","link":"https:\/\/zl.jewelry\/pl\/product\/ring-constellation\/","title":{"rendered":"Pier\u015bcionek &#8222;Konstelacja&#8221;"},"content":{"rendered":"<section class=\"l-section wpb_row height_small\"><div class=\"l-section-h i-cf\"><div class=\"g-cols vc_row via_flex valign_top type_default stacking_default\"><div class=\"vc_col-sm-12 wpb_column vc_column_container\"><div class=\"vc_column-inner\"><div class=\"wpb_wrapper\"><div class=\"wpb_text_column\"><div class=\"wpb_wrapper\"><p>Pier\u015bcionek wykonany jest z bia\u0142ego z\u0142ota pokrytego rodem. Waga jest skorelowana z rozmiarem, przy rozmiarze 18,5 waga z\u0142ota w bi\u017cuterii wynosi 4,33 grama. Wk\u0142adki, kamienie, \u015brednica 2,5mm (35szt) &#8211; w \u015brodku, po bokach 1mm (10szt).<\/p>\n<\/div><\/div><\/div><\/div><\/div><\/div><\/div><\/section>\n","protected":false},"excerpt":{"rendered":"Pier\u015bcionek wykonany jest z bia\u0142ego z\u0142ota pokrytego rodem. Waga jest skorelowana z rozmiarem, przy rozmiarze 18,5 waga z\u0142ota w bi\u017cuterii wynosi 4,33 grama. Wk\u0142adki, kamienie, \u015brednica 2,5mm (35szt) &#8211; w \u015brodku, po bokach 1mm (10szt).","protected":false},"featured_media":45127,"template":"","meta":{"_acf_changed":false},"product_brand":[],"product_cat":[524,523,527],"product_tag":[],"class_list":{"0":"post-45126","1":"product","2":"type-product","3":"status-publish","4":"has-post-thumbnail","6":"product_cat-engagement-rings-with-diamonds-pl","7":"product_cat-engagement-rings-pl","8":"product_cat-white-gold-engagement-rings-pl","10":"first","11":"instock","12":"product-type-simple"},"acf":[],"_links":{"self":[{"href":"https:\/\/zl.jewelry\/pl\/wp-json\/wp\/v2\/product\/45126","targetHints":{"allow":["GET"]}}],"collection":[{"href":"https:\/\/zl.jewelry\/pl\/wp-json\/wp\/v2\/product"}],"about":[{"href":"https:\/\/zl.jewelry\/pl\/wp-json\/wp\/v2\/types\/product"}],"wp:featuredmedia":[{"embeddable":true,"href":"https:\/\/zl.jewelry\/pl\/wp-json\/wp\/v2\/media\/45127"}],"wp:attachment":[{"href":"https:\/\/zl.jewelry\/pl\/wp-json\/wp\/v2\/media?parent=45126"}],"wp:term":[{"taxonomy":"product_brand","embeddable":true,"href":"https:\/\/zl.jewelry\/pl\/wp-json\/wp\/v2\/product_brand?post=45126"},{"taxonomy":"product_cat","embeddable":true,"href":"https:\/\/zl.jewelry\/pl\/wp-json\/wp\/v2\/product_cat?post=45126"},{"taxonomy":"product_tag","embeddable":true,"href":"https:\/\/zl.jewelry\/pl\/wp-json\/wp\/v2\/product_tag?post=45126"}],"curies":[{"name":"wp","href":"https:\/\/api.w.org\/{rel}","templated":true}]}}