{"id":45088,"date":"2025-06-18T10:57:57","date_gmt":"2025-06-18T10:57:57","guid":{"rendered":"https:\/\/zl.jewelry\/product\/cross-with-wooden-base\/"},"modified":"2025-09-26T18:28:51","modified_gmt":"2025-09-26T18:28:51","slug":"cross-with-wooden-base","status":"publish","type":"product","link":"https:\/\/zl.jewelry\/pl\/product\/cross-with-wooden-base\/","title":{"rendered":"Krzy\u017c z drewnian\u0105 podstaw\u0105"},"content":{"rendered":"","protected":false},"excerpt":{"rendered":"","protected":false},"featured_media":36103,"template":"","meta":{"_acf_changed":false},"product_brand":[],"product_cat":[504,507,510,511],"product_tag":[],"class_list":{"0":"post-45088","1":"product","2":"type-product","3":"status-publish","4":"has-post-thumbnail","6":"product_cat-golden-crosses-pl","7":"product_cat-exclusive-golden-handmade-crosses-pl","8":"product_cat-mens-crosses-pl","9":"product_cat-on-an-ebony-tree-2-pl","11":"first","12":"instock","13":"product-type-simple"},"acf":[],"_links":{"self":[{"href":"https:\/\/zl.jewelry\/pl\/wp-json\/wp\/v2\/product\/45088","targetHints":{"allow":["GET"]}}],"collection":[{"href":"https:\/\/zl.jewelry\/pl\/wp-json\/wp\/v2\/product"}],"about":[{"href":"https:\/\/zl.jewelry\/pl\/wp-json\/wp\/v2\/types\/product"}],"wp:featuredmedia":[{"embeddable":true,"href":"https:\/\/zl.jewelry\/pl\/wp-json\/wp\/v2\/media\/36103"}],"wp:attachment":[{"href":"https:\/\/zl.jewelry\/pl\/wp-json\/wp\/v2\/media?parent=45088"}],"wp:term":[{"taxonomy":"product_brand","embeddable":true,"href":"https:\/\/zl.jewelry\/pl\/wp-json\/wp\/v2\/product_brand?post=45088"},{"taxonomy":"product_cat","embeddable":true,"href":"https:\/\/zl.jewelry\/pl\/wp-json\/wp\/v2\/product_cat?post=45088"},{"taxonomy":"product_tag","embeddable":true,"href":"https:\/\/zl.jewelry\/pl\/wp-json\/wp\/v2\/product_tag?post=45088"}],"curies":[{"name":"wp","href":"https:\/\/api.w.org\/{rel}","templated":true}]}}