{"id":45082,"date":"2025-06-18T10:57:57","date_gmt":"2025-06-18T10:57:57","guid":{"rendered":"https:\/\/zl.jewelry\/product\/cross-2\/"},"modified":"2026-05-02T11:35:09","modified_gmt":"2026-05-02T11:35:09","slug":"cross-2","status":"publish","type":"product","link":"https:\/\/zl.jewelry\/pl\/product\/cross-2\/","title":{"rendered":"Krzy\u017cyk"},"content":{"rendered":"<p>Krzy\u017c z czerwonego z\u0142ota pr\u00f3by 585*, o wadze 30,45. Krzy\u017c z niello. Wysoko\u015b\u0107 krzy\u017ca bez ucha wynosi 60 cm.<\/p>\n","protected":false},"excerpt":{"rendered":"<p>Krzy\u017c z czerwonego z\u0142ota pr\u00f3by 585*, o wadze 30,45. Krzy\u017c z niello. Wysoko\u015b\u0107 krzy\u017ca bez ucha wynosi 60 cm.<\/p>\n","protected":false},"featured_media":45083,"template":"","meta":{"_acf_changed":false},"product_brand":[],"product_cat":[507,510,504],"product_tag":[],"class_list":{"0":"post-45082","1":"product","2":"type-product","3":"status-publish","4":"has-post-thumbnail","6":"product_cat-exclusive-golden-handmade-crosses-pl","7":"product_cat-mens-crosses-pl","8":"product_cat-golden-crosses-pl","10":"first","11":"instock","12":"product-type-simple"},"acf":[],"_links":{"self":[{"href":"https:\/\/zl.jewelry\/pl\/wp-json\/wp\/v2\/product\/45082","targetHints":{"allow":["GET"]}}],"collection":[{"href":"https:\/\/zl.jewelry\/pl\/wp-json\/wp\/v2\/product"}],"about":[{"href":"https:\/\/zl.jewelry\/pl\/wp-json\/wp\/v2\/types\/product"}],"wp:featuredmedia":[{"embeddable":true,"href":"https:\/\/zl.jewelry\/pl\/wp-json\/wp\/v2\/media\/45083"}],"wp:attachment":[{"href":"https:\/\/zl.jewelry\/pl\/wp-json\/wp\/v2\/media?parent=45082"}],"wp:term":[{"taxonomy":"product_brand","embeddable":true,"href":"https:\/\/zl.jewelry\/pl\/wp-json\/wp\/v2\/product_brand?post=45082"},{"taxonomy":"product_cat","embeddable":true,"href":"https:\/\/zl.jewelry\/pl\/wp-json\/wp\/v2\/product_cat?post=45082"},{"taxonomy":"product_tag","embeddable":true,"href":"https:\/\/zl.jewelry\/pl\/wp-json\/wp\/v2\/product_tag?post=45082"}],"curies":[{"name":"wp","href":"https:\/\/api.w.org\/{rel}","templated":true}]}}