{"id":45070,"date":"2025-06-18T10:57:57","date_gmt":"2025-06-18T10:57:57","guid":{"rendered":"https:\/\/zl.jewelry\/product\/ring-clover\/"},"modified":"2025-09-26T18:28:50","modified_gmt":"2025-09-26T18:28:50","slug":"ring-clover","status":"publish","type":"product","link":"https:\/\/zl.jewelry\/pl\/product\/ring-clover\/","title":{"rendered":"Pier\u015bcionek &#8222;Koniczyna&#8221;"},"content":{"rendered":"<p>Pier\u015bcionek z czerwonego z\u0142ota w rozmiarze 19,5 o wadze 7,73 grama. Waga jest proporcjonalna do rozmiapl. \u015arodkowa wk\u0142adka, kamie\u0144, o \u015brednicy 2 mm, kamie\u0144 mo\u017ce by\u0107 osadzony w dowolny spos\u00f3b, zgodnie z \u017cyczeniem klienta.<\/p>\n","protected":false},"excerpt":{"rendered":"<p>Pier\u015bcionek z czerwonego z\u0142ota w rozmiarze 19,5 o wadze 7,73 grama. Waga jest proporcjonalna do rozmiapl. \u015arodkowa wk\u0142adka, kamie\u0144, o \u015brednicy 2 mm, kamie\u0144 mo\u017ce by\u0107 osadzony w dowolny spos\u00f3b, zgodnie z \u017cyczeniem klienta.<\/p>\n","protected":false},"featured_media":49543,"template":"","meta":{"_acf_changed":false},"product_brand":[],"product_cat":[514,518,522],"product_tag":[],"class_list":{"0":"post-45070","1":"product","2":"type-product","3":"status-publish","4":"has-post-thumbnail","6":"product_cat-golden-rings-pl","7":"product_cat-red-gold-rings-pl","8":"product_cat-with-rocks-pl","10":"first","11":"instock","12":"product-type-simple"},"acf":[],"_links":{"self":[{"href":"https:\/\/zl.jewelry\/pl\/wp-json\/wp\/v2\/product\/45070","targetHints":{"allow":["GET"]}}],"collection":[{"href":"https:\/\/zl.jewelry\/pl\/wp-json\/wp\/v2\/product"}],"about":[{"href":"https:\/\/zl.jewelry\/pl\/wp-json\/wp\/v2\/types\/product"}],"wp:featuredmedia":[{"embeddable":true,"href":"https:\/\/zl.jewelry\/pl\/wp-json\/wp\/v2\/media\/49543"}],"wp:attachment":[{"href":"https:\/\/zl.jewelry\/pl\/wp-json\/wp\/v2\/media?parent=45070"}],"wp:term":[{"taxonomy":"product_brand","embeddable":true,"href":"https:\/\/zl.jewelry\/pl\/wp-json\/wp\/v2\/product_brand?post=45070"},{"taxonomy":"product_cat","embeddable":true,"href":"https:\/\/zl.jewelry\/pl\/wp-json\/wp\/v2\/product_cat?post=45070"},{"taxonomy":"product_tag","embeddable":true,"href":"https:\/\/zl.jewelry\/pl\/wp-json\/wp\/v2\/product_tag?post=45070"}],"curies":[{"name":"wp","href":"https:\/\/api.w.org\/{rel}","templated":true}]}}