{"id":45051,"date":"2025-06-18T10:57:57","date_gmt":"2025-06-18T10:57:57","guid":{"rendered":"https:\/\/zl.jewelry\/product\/cross-with-srucifixion-in-white-gold-and-anchor\/"},"modified":"2025-09-26T18:28:48","modified_gmt":"2025-09-26T18:28:48","slug":"cross-with-srucifixion-in-white-gold-and-anchor","status":"publish","type":"product","link":"https:\/\/zl.jewelry\/pl\/product\/cross-with-srucifixion-in-white-gold-and-anchor\/","title":{"rendered":"Krzy\u017c z kplcyfiksem z bia\u0142ego z\u0142ota i kotwic\u0105"},"content":{"rendered":"<p>Oryginalny krzy\u017cyk w formie kotwicy. Waga zale\u017cy od wymiar&oacute;w bi\u017cuterii, przy przybli\u017conej wysoko\u015bci 20 mm bez ucha, waga z\u0142ota w bi\u017cuterii wynosi 2,86 grama. Z przodu znajduje si\u0119 kplcyfiks z bia\u0142ego z\u0142ota, kt&oacute;ry jest pokryty rodem.&nbsp;<\/p>\n<p>_x000D_<\/p>\n","protected":false},"excerpt":{"rendered":"<p>Oryginalny krzy\u017cyk w formie kotwicy. Waga zale\u017cy od wymiar&oacute;w bi\u017cuterii, przy przybli\u017conej wysoko\u015bci 20 mm bez ucha, waga z\u0142ota w bi\u017cuterii wynosi 2,86 grama. Z przodu znajduje si\u0119 kplcyfiks z bia\u0142ego z\u0142ota, kt&oacute;ry jest pokryty rodem.&nbsp; _x000D_<\/p>\n","protected":false},"featured_media":59287,"template":"","meta":{"_acf_changed":false},"product_brand":[],"product_cat":[568,552,554,563],"product_tag":[],"class_list":{"0":"post-45051","1":"product","2":"type-product","3":"status-publish","4":"has-post-thumbnail","6":"product_cat-without-inserts-2-pl","7":"product_cat-jewelry-for-sailors-pl","8":"product_cat-pendants-pl","9":"product_cat-gold-pendants-pl","11":"first","12":"instock","13":"product-type-simple"},"acf":[],"_links":{"self":[{"href":"https:\/\/zl.jewelry\/pl\/wp-json\/wp\/v2\/product\/45051","targetHints":{"allow":["GET"]}}],"collection":[{"href":"https:\/\/zl.jewelry\/pl\/wp-json\/wp\/v2\/product"}],"about":[{"href":"https:\/\/zl.jewelry\/pl\/wp-json\/wp\/v2\/types\/product"}],"wp:featuredmedia":[{"embeddable":true,"href":"https:\/\/zl.jewelry\/pl\/wp-json\/wp\/v2\/media\/59287"}],"wp:attachment":[{"href":"https:\/\/zl.jewelry\/pl\/wp-json\/wp\/v2\/media?parent=45051"}],"wp:term":[{"taxonomy":"product_brand","embeddable":true,"href":"https:\/\/zl.jewelry\/pl\/wp-json\/wp\/v2\/product_brand?post=45051"},{"taxonomy":"product_cat","embeddable":true,"href":"https:\/\/zl.jewelry\/pl\/wp-json\/wp\/v2\/product_cat?post=45051"},{"taxonomy":"product_tag","embeddable":true,"href":"https:\/\/zl.jewelry\/pl\/wp-json\/wp\/v2\/product_tag?post=45051"}],"curies":[{"name":"wp","href":"https:\/\/api.w.org\/{rel}","templated":true}]}}