{"id":45045,"date":"2025-06-18T10:58:04","date_gmt":"2025-06-18T10:58:04","guid":{"rendered":"https:\/\/zl.jewelry\/product\/path-of-stones-in-red-gold\/"},"modified":"2025-09-26T18:28:57","modified_gmt":"2025-09-26T18:28:57","slug":"path-of-stones-in-red-gold","status":"publish","type":"product","link":"https:\/\/zl.jewelry\/pl\/product\/path-of-stones-in-red-gold\/","title":{"rendered":"Kamienna \u015bcie\u017cka w czerwonym z\u0142ocie"},"content":{"rendered":"<p>Krzy\u017c z czerwonego z\u0142ota z rozproszonymi kamieniami. Waga r\u00f3\u017cni si\u0119 w zale\u017cno\u015bci od rozmiapl, przy wysoko\u015bci 25mm waga wynosi 2,05mm. Wk\u0142adki kamieni 2,5mm (16szt), mog\u0105 by\u0107 ustawione dowolnie na \u017cyczenie klienta.<\/p>\n","protected":false},"excerpt":{"rendered":"<p>Krzy\u017c z czerwonego z\u0142ota z rozproszonymi kamieniami. Waga r\u00f3\u017cni si\u0119 w zale\u017cno\u015bci od rozmiapl, przy wysoko\u015bci 25mm waga wynosi 2,05mm. Wk\u0142adki kamieni 2,5mm (16szt), mog\u0105 by\u0107 ustawione dowolnie na \u017cyczenie klienta.<\/p>\n","protected":false},"featured_media":45046,"template":"","meta":{"_acf_changed":false},"product_brand":[],"product_cat":[504,506,512,513],"product_tag":[],"class_list":{"0":"post-45045","1":"product","2":"type-product","3":"status-publish","4":"has-post-thumbnail","6":"product_cat-golden-crosses-pl","7":"product_cat-crosses-with-stones-pl","8":"product_cat-with-diamonds-pl","9":"product_cat-womens-crosses-pl","11":"first","12":"instock","13":"product-type-simple"},"acf":[],"_links":{"self":[{"href":"https:\/\/zl.jewelry\/pl\/wp-json\/wp\/v2\/product\/45045","targetHints":{"allow":["GET"]}}],"collection":[{"href":"https:\/\/zl.jewelry\/pl\/wp-json\/wp\/v2\/product"}],"about":[{"href":"https:\/\/zl.jewelry\/pl\/wp-json\/wp\/v2\/types\/product"}],"wp:featuredmedia":[{"embeddable":true,"href":"https:\/\/zl.jewelry\/pl\/wp-json\/wp\/v2\/media\/45046"}],"wp:attachment":[{"href":"https:\/\/zl.jewelry\/pl\/wp-json\/wp\/v2\/media?parent=45045"}],"wp:term":[{"taxonomy":"product_brand","embeddable":true,"href":"https:\/\/zl.jewelry\/pl\/wp-json\/wp\/v2\/product_brand?post=45045"},{"taxonomy":"product_cat","embeddable":true,"href":"https:\/\/zl.jewelry\/pl\/wp-json\/wp\/v2\/product_cat?post=45045"},{"taxonomy":"product_tag","embeddable":true,"href":"https:\/\/zl.jewelry\/pl\/wp-json\/wp\/v2\/product_tag?post=45045"}],"curies":[{"name":"wp","href":"https:\/\/api.w.org\/{rel}","templated":true}]}}