{"id":45039,"date":"2025-06-18T10:58:04","date_gmt":"2025-06-18T10:58:04","guid":{"rendered":"https:\/\/zl.jewelry\/product\/icon-matrona-of-moscow\/"},"modified":"2025-09-26T18:28:56","modified_gmt":"2025-09-26T18:28:56","slug":"icon-matrona-of-moscow","status":"publish","type":"product","link":"https:\/\/zl.jewelry\/pl\/product\/icon-matrona-of-moscow\/","title":{"rendered":"Ikona &#8222;Matrona z Moskwy&#8221;"},"content":{"rendered":"<p>Z\u0142ota ikona na wsporniku z czerwonego z\u0142ota i bia\u0142ego z\u0142ota. Na przedniej stronie znajduje si\u0119 twarz \u015bw. Matrony, z wzorzyst\u0105 powierzchni\u0105 wok\u00f3\u0142 niej. Z ty\u0142u znajduje si\u0119 tabliczka z pe\u0142nym tekstem modlitwy &#8222;B\u0142ogos\u0142awiona Matko Matrono&#8221;. Ucho wykonane jest w formie korony. Waga jest w korelacji z wymiarami, przy przybli\u017conej wysoko\u015bci ikony bez ucha 50 mm waga z\u0142ota 65,70 gram\u00f3w. Wz\u00f3r ikony mo\u017ce by\u0107 zmieniony zgodnie z \u017cyczeniem klienta.<\/p>\n","protected":false},"excerpt":{"rendered":"<p>Z\u0142ota ikona na wsporniku z czerwonego z\u0142ota i bia\u0142ego z\u0142ota. Na przedniej stronie znajduje si\u0119 twarz \u015bw. Matrony, z wzorzyst\u0105 powierzchni\u0105 wok\u00f3\u0142 niej. Z ty\u0142u znajduje si\u0119 tabliczka z pe\u0142nym tekstem modlitwy &#8222;B\u0142ogos\u0142awiona Matko Matrono&#8221;. Ucho wykonane jest w formie korony. Waga jest w korelacji z wymiarami, przy przybli\u017conej wysoko\u015bci ikony bez ucha 50 mm&#8230;<\/p>\n","protected":false},"featured_media":45040,"template":"","meta":{"_acf_changed":false},"product_brand":[],"product_cat":[500],"product_tag":[],"class_list":{"0":"post-45039","1":"product","2":"type-product","3":"status-publish","4":"has-post-thumbnail","6":"product_cat-golden-icons-pl","8":"first","9":"instock","10":"product-type-simple"},"acf":[],"_links":{"self":[{"href":"https:\/\/zl.jewelry\/pl\/wp-json\/wp\/v2\/product\/45039","targetHints":{"allow":["GET"]}}],"collection":[{"href":"https:\/\/zl.jewelry\/pl\/wp-json\/wp\/v2\/product"}],"about":[{"href":"https:\/\/zl.jewelry\/pl\/wp-json\/wp\/v2\/types\/product"}],"wp:featuredmedia":[{"embeddable":true,"href":"https:\/\/zl.jewelry\/pl\/wp-json\/wp\/v2\/media\/45040"}],"wp:attachment":[{"href":"https:\/\/zl.jewelry\/pl\/wp-json\/wp\/v2\/media?parent=45039"}],"wp:term":[{"taxonomy":"product_brand","embeddable":true,"href":"https:\/\/zl.jewelry\/pl\/wp-json\/wp\/v2\/product_brand?post=45039"},{"taxonomy":"product_cat","embeddable":true,"href":"https:\/\/zl.jewelry\/pl\/wp-json\/wp\/v2\/product_cat?post=45039"},{"taxonomy":"product_tag","embeddable":true,"href":"https:\/\/zl.jewelry\/pl\/wp-json\/wp\/v2\/product_tag?post=45039"}],"curies":[{"name":"wp","href":"https:\/\/api.w.org\/{rel}","templated":true}]}}