{"id":45035,"date":"2025-06-18T10:58:04","date_gmt":"2025-06-18T10:58:04","guid":{"rendered":"https:\/\/zl.jewelry\/product\/sross-with-white-enamel\/"},"modified":"2025-09-26T18:28:56","modified_gmt":"2025-09-26T18:28:56","slug":"sross-with-white-enamel","status":"publish","type":"product","link":"https:\/\/zl.jewelry\/pl\/product\/sross-with-white-enamel\/","title":{"rendered":"Krzy\u017c z bia\u0142\u0105 emali\u0105"},"content":{"rendered":"<p>Krzy\u017cyk z czerwonego z\u0142ota z bia\u0142\u0105 emali\u0105. Waga zale\u017cy od wymiar\u00f3w bi\u017cuterii, przy wysoko\u015bci krzy\u017cyka bez uszka 30mm, waga z\u0142ota wynosi 5,79 grama. Na ko\u0144cu krzy\u017cyka znajduj\u0105 si\u0119 kamienie o \u015brednicy 1,25 mm (3 sztuki).<\/p>\n","protected":false},"excerpt":{"rendered":"<p>Krzy\u017cyk z czerwonego z\u0142ota z bia\u0142\u0105 emali\u0105. Waga zale\u017cy od wymiar\u00f3w bi\u017cuterii, przy wysoko\u015bci krzy\u017cyka bez uszka 30mm, waga z\u0142ota wynosi 5,79 grama. Na ko\u0144cu krzy\u017cyka znajduj\u0105 si\u0119 kamienie o \u015brednicy 1,25 mm (3 sztuki).<\/p>\n","protected":false},"featured_media":45036,"template":"","meta":{"_acf_changed":false},"product_brand":[],"product_cat":[504,507,510],"product_tag":[],"class_list":{"0":"post-45035","1":"product","2":"type-product","3":"status-publish","4":"has-post-thumbnail","6":"product_cat-golden-crosses-pl","7":"product_cat-exclusive-golden-handmade-crosses-pl","8":"product_cat-mens-crosses-pl","10":"first","11":"instock","12":"product-type-simple"},"acf":[],"_links":{"self":[{"href":"https:\/\/zl.jewelry\/pl\/wp-json\/wp\/v2\/product\/45035","targetHints":{"allow":["GET"]}}],"collection":[{"href":"https:\/\/zl.jewelry\/pl\/wp-json\/wp\/v2\/product"}],"about":[{"href":"https:\/\/zl.jewelry\/pl\/wp-json\/wp\/v2\/types\/product"}],"wp:featuredmedia":[{"embeddable":true,"href":"https:\/\/zl.jewelry\/pl\/wp-json\/wp\/v2\/media\/45036"}],"wp:attachment":[{"href":"https:\/\/zl.jewelry\/pl\/wp-json\/wp\/v2\/media?parent=45035"}],"wp:term":[{"taxonomy":"product_brand","embeddable":true,"href":"https:\/\/zl.jewelry\/pl\/wp-json\/wp\/v2\/product_brand?post=45035"},{"taxonomy":"product_cat","embeddable":true,"href":"https:\/\/zl.jewelry\/pl\/wp-json\/wp\/v2\/product_cat?post=45035"},{"taxonomy":"product_tag","embeddable":true,"href":"https:\/\/zl.jewelry\/pl\/wp-json\/wp\/v2\/product_tag?post=45035"}],"curies":[{"name":"wp","href":"https:\/\/api.w.org\/{rel}","templated":true}]}}