{"id":45020,"date":"2025-06-18T10:58:04","date_gmt":"2025-06-18T10:58:04","guid":{"rendered":"https:\/\/zl.jewelry\/product\/anchor-bracelet-with-initials\/"},"modified":"2026-05-02T09:17:23","modified_gmt":"2026-05-02T09:17:23","slug":"anchor-bracelet-with-initials","status":"publish","type":"product","link":"https:\/\/zl.jewelry\/pl\/product\/anchor-bracelet-with-initials\/","title":{"rendered":"Bransoletka z kotwic\u0105 i inicja\u0142ami"},"content":{"rendered":"<section class=\"l-section wpb_row height_small\"><div class=\"l-section-h i-cf\"><div class=\"g-cols vc_row via_flex valign_top type_default stacking_default\"><div class=\"vc_col-sm-12 wpb_column vc_column_container\"><div class=\"vc_column-inner\"><div class=\"wpb_wrapper\"><div class=\"wpb_text_column\"><div class=\"wpb_wrapper\"><p>Bransoletka, &#8222;P\u0142aska kotwica&#8221; w po\u0142\u0105czeniu czerwonego i bia\u0142ego z\u0142ota. Podstawa z czerwonego z\u0142ota, rodowane blaszki z bia\u0142ego z\u0142ota. Zapi\u0119cie &#8211; pude\u0142ko z dwoma zamkami, na zamku blaszki z inicja\u0142ami klientki, z bia\u0142ego z\u0142ota, rodowane.\u00a0\u00a0Waga w stosunku do rozmiaru, przy rozmiarze 22 cm waga z\u0142ota to 52,50 grama..<\/p>\n<\/div><\/div><\/div><\/div><\/div><\/div><\/div><\/section>\n","protected":false},"excerpt":{"rendered":"Bransoletka, &#8222;P\u0142aska kotwica&#8221; w po\u0142\u0105czeniu czerwonego i bia\u0142ego z\u0142ota. Podstawa z czerwonego z\u0142ota, rodowane blaszki z bia\u0142ego z\u0142ota. Zapi\u0119cie &#8211; pude\u0142ko z dwoma zamkami, na zamku blaszki z inicja\u0142ami klientki, z bia\u0142ego z\u0142ota, rodowane.\u00a0\u00a0Waga w stosunku do rozmiaru, przy rozmiarze 22 cm waga z\u0142ota to 52,50 grama..","protected":false},"featured_media":45021,"template":"","meta":{"_acf_changed":false},"product_brand":[],"product_cat":[557,559],"product_tag":[],"class_list":{"0":"post-45020","1":"product","2":"type-product","3":"status-publish","4":"has-post-thumbnail","6":"product_cat-bracelets-pl","7":"product_cat-gold-bracelets-from-30-gr-pl","9":"first","10":"instock","11":"product-type-simple"},"acf":[],"_links":{"self":[{"href":"https:\/\/zl.jewelry\/pl\/wp-json\/wp\/v2\/product\/45020","targetHints":{"allow":["GET"]}}],"collection":[{"href":"https:\/\/zl.jewelry\/pl\/wp-json\/wp\/v2\/product"}],"about":[{"href":"https:\/\/zl.jewelry\/pl\/wp-json\/wp\/v2\/types\/product"}],"wp:featuredmedia":[{"embeddable":true,"href":"https:\/\/zl.jewelry\/pl\/wp-json\/wp\/v2\/media\/45021"}],"wp:attachment":[{"href":"https:\/\/zl.jewelry\/pl\/wp-json\/wp\/v2\/media?parent=45020"}],"wp:term":[{"taxonomy":"product_brand","embeddable":true,"href":"https:\/\/zl.jewelry\/pl\/wp-json\/wp\/v2\/product_brand?post=45020"},{"taxonomy":"product_cat","embeddable":true,"href":"https:\/\/zl.jewelry\/pl\/wp-json\/wp\/v2\/product_cat?post=45020"},{"taxonomy":"product_tag","embeddable":true,"href":"https:\/\/zl.jewelry\/pl\/wp-json\/wp\/v2\/product_tag?post=45020"}],"curies":[{"name":"wp","href":"https:\/\/api.w.org\/{rel}","templated":true}]}}