{"id":45007,"date":"2025-06-18T10:58:04","date_gmt":"2025-06-18T10:58:04","guid":{"rendered":"https:\/\/zl.jewelry\/product\/wedding-rings-with-carbon-fiber\/"},"modified":"2025-09-26T18:28:54","modified_gmt":"2025-09-26T18:28:54","slug":"wedding-rings-with-carbon-fiber","status":"publish","type":"product","link":"https:\/\/zl.jewelry\/pl\/product\/wedding-rings-with-carbon-fiber\/","title":{"rendered":"Obr\u0105czki z w\u0142\u00f3kna w\u0119glowego"},"content":{"rendered":"","protected":false},"excerpt":{"rendered":"","protected":false},"featured_media":45012,"template":"","meta":{"_acf_changed":false},"product_brand":[],"product_cat":[528,533],"product_tag":[],"class_list":{"0":"post-45007","1":"product","2":"type-product","3":"status-publish","4":"has-post-thumbnail","6":"product_cat-wedding-rings-pl","7":"product_cat-red-gold-wedding-rings-pl","9":"first","10":"instock","11":"product-type-simple"},"acf":[],"_links":{"self":[{"href":"https:\/\/zl.jewelry\/pl\/wp-json\/wp\/v2\/product\/45007","targetHints":{"allow":["GET"]}}],"collection":[{"href":"https:\/\/zl.jewelry\/pl\/wp-json\/wp\/v2\/product"}],"about":[{"href":"https:\/\/zl.jewelry\/pl\/wp-json\/wp\/v2\/types\/product"}],"wp:featuredmedia":[{"embeddable":true,"href":"https:\/\/zl.jewelry\/pl\/wp-json\/wp\/v2\/media\/45012"}],"wp:attachment":[{"href":"https:\/\/zl.jewelry\/pl\/wp-json\/wp\/v2\/media?parent=45007"}],"wp:term":[{"taxonomy":"product_brand","embeddable":true,"href":"https:\/\/zl.jewelry\/pl\/wp-json\/wp\/v2\/product_brand?post=45007"},{"taxonomy":"product_cat","embeddable":true,"href":"https:\/\/zl.jewelry\/pl\/wp-json\/wp\/v2\/product_cat?post=45007"},{"taxonomy":"product_tag","embeddable":true,"href":"https:\/\/zl.jewelry\/pl\/wp-json\/wp\/v2\/product_tag?post=45007"}],"curies":[{"name":"wp","href":"https:\/\/api.w.org\/{rel}","templated":true}]}}