{"id":45005,"date":"2025-06-18T10:58:04","date_gmt":"2025-06-18T10:58:04","guid":{"rendered":"https:\/\/zl.jewelry\/product\/sross-with-stone\/"},"modified":"2025-09-26T18:28:54","modified_gmt":"2025-09-26T18:28:54","slug":"sross-with-stone","status":"publish","type":"product","link":"https:\/\/zl.jewelry\/pl\/product\/sross-with-stone\/","title":{"rendered":"R\u00f3wny krzy\u017c z kamieniem"},"content":{"rendered":"<p>Krzy\u017cyk z czerwonego z\u0142ota, waga zale\u017cy od rozmiapl bi\u017cuterii. Przy wysoko\u015bci krzy\u017cyka bez ucha 30 mm, waga z\u0142ota wynosi 3,54 grama. W \u015brodku znajduje si\u0119 kamie\u0144 o \u015brednicy 2,5 mm. Z&#038;nbspty\u0142u znajduje si\u0119 napis &quot;Save &#038; Preserve&quot;.<\/p>\n","protected":false},"excerpt":{"rendered":"<p>Krzy\u017cyk z czerwonego z\u0142ota, waga zale\u017cy od rozmiapl bi\u017cuterii. Przy wysoko\u015bci krzy\u017cyka bez ucha 30 mm, waga z\u0142ota wynosi 3,54 grama. W \u015brodku znajduje si\u0119 kamie\u0144 o \u015brednicy 2,5 mm. Z&#038;nbspty\u0142u znajduje si\u0119 napis &quot;Save &#038; Preserve&quot;.<\/p>\n","protected":false},"featured_media":35997,"template":"","meta":{"_acf_changed":false},"product_brand":[],"product_cat":[504,505,506,512,513,346],"product_tag":[],"class_list":{"0":"post-45005","1":"product","2":"type-product","3":"status-publish","4":"has-post-thumbnail","6":"product_cat-golden-crosses-pl","7":"product_cat-crosses-for-children-pl","8":"product_cat-crosses-with-stones-pl","9":"product_cat-with-diamonds-pl","10":"product_cat-womens-crosses-pl","11":"product_cat-bez-kategorii-2","13":"first","14":"instock","15":"product-type-simple"},"acf":[],"_links":{"self":[{"href":"https:\/\/zl.jewelry\/pl\/wp-json\/wp\/v2\/product\/45005","targetHints":{"allow":["GET"]}}],"collection":[{"href":"https:\/\/zl.jewelry\/pl\/wp-json\/wp\/v2\/product"}],"about":[{"href":"https:\/\/zl.jewelry\/pl\/wp-json\/wp\/v2\/types\/product"}],"wp:featuredmedia":[{"embeddable":true,"href":"https:\/\/zl.jewelry\/pl\/wp-json\/wp\/v2\/media\/35997"}],"wp:attachment":[{"href":"https:\/\/zl.jewelry\/pl\/wp-json\/wp\/v2\/media?parent=45005"}],"wp:term":[{"taxonomy":"product_brand","embeddable":true,"href":"https:\/\/zl.jewelry\/pl\/wp-json\/wp\/v2\/product_brand?post=45005"},{"taxonomy":"product_cat","embeddable":true,"href":"https:\/\/zl.jewelry\/pl\/wp-json\/wp\/v2\/product_cat?post=45005"},{"taxonomy":"product_tag","embeddable":true,"href":"https:\/\/zl.jewelry\/pl\/wp-json\/wp\/v2\/product_tag?post=45005"}],"curies":[{"name":"wp","href":"https:\/\/api.w.org\/{rel}","templated":true}]}}