{"id":44971,"date":"2025-06-18T10:58:10","date_gmt":"2025-06-18T10:58:10","guid":{"rendered":"https:\/\/zl.jewelry\/product\/ring-shine-of-an-angel-with-diamonds\/"},"modified":"2025-09-26T18:29:01","modified_gmt":"2025-09-26T18:29:01","slug":"ring-shine-of-an-angel-with-diamonds","status":"publish","type":"product","link":"https:\/\/zl.jewelry\/pl\/product\/ring-shine-of-an-angel-with-diamonds\/","title":{"rendered":"Pier\u015bcionek &#8222;Anielski blask&#8221; z brylantami"},"content":{"rendered":"<p>Pier\u015bcionek w kolorze czerwonego i bia\u0142ego z\u0142ota, podstawa i odlew z czerwonego z\u0142ota, boki i g\u00f3rna cz\u0119\u015b\u0107 odlewu z bia\u0142ego z\u0142ota i rodowane. Waga jest proporcjonalna do rozmiapl, przy rozmiarze 17 waga z\u0142ota w pier\u015bcionku wynosi 6,07 grama. Podstawa i boki s\u0105 ozdobione wstawionymi kamieniami. Kamienie&nbsp;\u015brednica 4,80mm; 1,00mm (2szt); 1,50mm (14szt); 2mm (4szt). Kamienie mog\u0105 by\u0107 ustawione dowolnie, na \u017cyczenie klienta.<\/p>\n","protected":false},"excerpt":{"rendered":"<p>Pier\u015bcionek w kolorze czerwonego i bia\u0142ego z\u0142ota, podstawa i odlew z czerwonego z\u0142ota, boki i g\u00f3rna cz\u0119\u015b\u0107 odlewu z bia\u0142ego z\u0142ota i rodowane. Waga jest proporcjonalna do rozmiapl, przy rozmiarze 17 waga z\u0142ota w pier\u015bcionku wynosi 6,07 grama. Podstawa i boki s\u0105 ozdobione wstawionymi kamieniami. Kamienie&nbsp;\u015brednica 4,80mm; 1,00mm (2szt); 1,50mm (14szt); 2mm (4szt). Kamienie mog\u0105&#8230;<\/p>\n","protected":false},"featured_media":48487,"template":"","meta":{"_acf_changed":false},"product_brand":[],"product_cat":[523,524,526],"product_tag":[],"class_list":{"0":"post-44971","1":"product","2":"type-product","3":"status-publish","4":"has-post-thumbnail","6":"product_cat-engagement-rings-pl","7":"product_cat-engagement-rings-with-diamonds-pl","8":"product_cat-red-gold-engagement-rings-pl","10":"first","11":"instock","12":"product-type-simple"},"acf":[],"_links":{"self":[{"href":"https:\/\/zl.jewelry\/pl\/wp-json\/wp\/v2\/product\/44971","targetHints":{"allow":["GET"]}}],"collection":[{"href":"https:\/\/zl.jewelry\/pl\/wp-json\/wp\/v2\/product"}],"about":[{"href":"https:\/\/zl.jewelry\/pl\/wp-json\/wp\/v2\/types\/product"}],"wp:featuredmedia":[{"embeddable":true,"href":"https:\/\/zl.jewelry\/pl\/wp-json\/wp\/v2\/media\/48487"}],"wp:attachment":[{"href":"https:\/\/zl.jewelry\/pl\/wp-json\/wp\/v2\/media?parent=44971"}],"wp:term":[{"taxonomy":"product_brand","embeddable":true,"href":"https:\/\/zl.jewelry\/pl\/wp-json\/wp\/v2\/product_brand?post=44971"},{"taxonomy":"product_cat","embeddable":true,"href":"https:\/\/zl.jewelry\/pl\/wp-json\/wp\/v2\/product_cat?post=44971"},{"taxonomy":"product_tag","embeddable":true,"href":"https:\/\/zl.jewelry\/pl\/wp-json\/wp\/v2\/product_tag?post=44971"}],"curies":[{"name":"wp","href":"https:\/\/api.w.org\/{rel}","templated":true}]}}