{"id":44964,"date":"2025-06-18T10:58:10","date_gmt":"2025-06-18T10:58:10","guid":{"rendered":"https:\/\/zl.jewelry\/product\/cross-on-a-structural-tree\/"},"modified":"2026-05-02T07:40:35","modified_gmt":"2026-05-02T07:40:35","slug":"cross-on-a-structural-tree","status":"publish","type":"product","link":"https:\/\/zl.jewelry\/pl\/product\/cross-on-a-structural-tree\/","title":{"rendered":"Krzy\u017c na strukturalnym drzewie"},"content":{"rendered":"<p><span style=\"background-color: #ffffff; color: #4a4a4a; font-family: helvetica,sans-serif; font-size: 14px;\">Drewno hebanowe &#8211;\u00a0\u00a0czarne\u00a0 (lub czarne z paskami) drewno\u00a0niekt\u00f3rych drzew z rodzaju Persimmon (Diospyros) z rodziny Ebony (Ebenaceae). Drewno rdzeniowe<\/span><span style=\"background-color: #ffffff; color: #4a4a4a; font-family: helvetica,sans-serif; font-size: 14px;\">heban jest bardzo twardy i ci\u0119\u017cki i jest jednym z najcenniejszych gatunk\u00f3w drewna. G\u0119sto\u015b\u0107 hebanu wynosi 1050 kg\/m3 przy wilgotno\u015bci 15%. Drewno tonie w wodzie.<\/span><\/p>\n","protected":false},"excerpt":{"rendered":"<p>Drewno hebanowe &#8211;\u00a0\u00a0czarne\u00a0 (lub czarne z paskami) drewno\u00a0niekt\u00f3rych drzew z rodzaju Persimmon (Diospyros) z rodziny Ebony (Ebenaceae). Drewno rdzenioweheban jest bardzo twardy i ci\u0119\u017cki i jest jednym z najcenniejszych gatunk\u00f3w drewna. G\u0119sto\u015b\u0107 hebanu wynosi 1050 kg\/m3 przy wilgotno\u015bci 15%. Drewno tonie w wodzie.<\/p>\n","protected":false},"featured_media":36109,"template":"","meta":{"_acf_changed":false},"product_brand":[],"product_cat":[511,510,504],"product_tag":[],"class_list":{"0":"post-44964","1":"product","2":"type-product","3":"status-publish","4":"has-post-thumbnail","6":"product_cat-on-an-ebony-tree-2-pl","7":"product_cat-mens-crosses-pl","8":"product_cat-golden-crosses-pl","10":"first","11":"instock","12":"product-type-simple"},"acf":[],"_links":{"self":[{"href":"https:\/\/zl.jewelry\/pl\/wp-json\/wp\/v2\/product\/44964","targetHints":{"allow":["GET"]}}],"collection":[{"href":"https:\/\/zl.jewelry\/pl\/wp-json\/wp\/v2\/product"}],"about":[{"href":"https:\/\/zl.jewelry\/pl\/wp-json\/wp\/v2\/types\/product"}],"wp:featuredmedia":[{"embeddable":true,"href":"https:\/\/zl.jewelry\/pl\/wp-json\/wp\/v2\/media\/36109"}],"wp:attachment":[{"href":"https:\/\/zl.jewelry\/pl\/wp-json\/wp\/v2\/media?parent=44964"}],"wp:term":[{"taxonomy":"product_brand","embeddable":true,"href":"https:\/\/zl.jewelry\/pl\/wp-json\/wp\/v2\/product_brand?post=44964"},{"taxonomy":"product_cat","embeddable":true,"href":"https:\/\/zl.jewelry\/pl\/wp-json\/wp\/v2\/product_cat?post=44964"},{"taxonomy":"product_tag","embeddable":true,"href":"https:\/\/zl.jewelry\/pl\/wp-json\/wp\/v2\/product_tag?post=44964"}],"curies":[{"name":"wp","href":"https:\/\/api.w.org\/{rel}","templated":true}]}}