{"id":44960,"date":"2025-06-18T10:58:10","date_gmt":"2025-06-18T10:58:10","guid":{"rendered":"https:\/\/zl.jewelry\/product\/signet-of-the-chief-mechanic-with-the-initials-of-the-family\/"},"modified":"2026-05-02T07:30:56","modified_gmt":"2026-05-02T07:30:56","slug":"signet-of-the-chief-mechanic-with-the-initials-of-the-family","status":"publish","type":"product","link":"https:\/\/zl.jewelry\/pl\/product\/signet-of-the-chief-mechanic-with-the-initials-of-the-family\/","title":{"rendered":"Sygnet starszego mechanika z inicja\u0142ami rodziny"},"content":{"rendered":"<p><span style=\"font-size: 16px;\"><span style=\"color: #4d4d4d; font-family: Roboto, sans-serif;\">Je\u015bli chcesz znale\u017a\u0107 odpowiedni rozmiar dla siebie, zapoznaj si\u0119 z nasz\u0105 sekcj\u0105 Pier\u015bcionki i plomby dla m\u0119\u017cczyzn.<\/span><\/span><\/p>\n","protected":false},"excerpt":{"rendered":"<p>Je\u015bli chcesz znale\u017a\u0107 odpowiedni rozmiar dla siebie, zapoznaj si\u0119 z nasz\u0105 sekcj\u0105 Pier\u015bcionki i plomby dla m\u0119\u017cczyzn.<\/p>\n","protected":false},"featured_media":44961,"template":"","meta":{"_acf_changed":false},"product_brand":[],"product_cat":[517,589],"product_tag":[],"class_list":{"0":"post-44960","1":"product","2":"type-product","3":"status-publish","4":"has-post-thumbnail","6":"product_cat-mens-rings-and-seals-pl","7":"product_cat-signet-rings-pl","9":"first","10":"instock","11":"product-type-simple"},"acf":[],"_links":{"self":[{"href":"https:\/\/zl.jewelry\/pl\/wp-json\/wp\/v2\/product\/44960","targetHints":{"allow":["GET"]}}],"collection":[{"href":"https:\/\/zl.jewelry\/pl\/wp-json\/wp\/v2\/product"}],"about":[{"href":"https:\/\/zl.jewelry\/pl\/wp-json\/wp\/v2\/types\/product"}],"wp:featuredmedia":[{"embeddable":true,"href":"https:\/\/zl.jewelry\/pl\/wp-json\/wp\/v2\/media\/44961"}],"wp:attachment":[{"href":"https:\/\/zl.jewelry\/pl\/wp-json\/wp\/v2\/media?parent=44960"}],"wp:term":[{"taxonomy":"product_brand","embeddable":true,"href":"https:\/\/zl.jewelry\/pl\/wp-json\/wp\/v2\/product_brand?post=44960"},{"taxonomy":"product_cat","embeddable":true,"href":"https:\/\/zl.jewelry\/pl\/wp-json\/wp\/v2\/product_cat?post=44960"},{"taxonomy":"product_tag","embeddable":true,"href":"https:\/\/zl.jewelry\/pl\/wp-json\/wp\/v2\/product_tag?post=44960"}],"curies":[{"name":"wp","href":"https:\/\/api.w.org\/{rel}","templated":true}]}}