{"id":44950,"date":"2025-06-18T10:58:10","date_gmt":"2025-06-18T10:58:10","guid":{"rendered":"https:\/\/zl.jewelry\/product\/icon-nicholas-the-wonderworker-royal\/"},"modified":"2026-04-30T15:41:26","modified_gmt":"2026-04-30T15:41:26","slug":"icon-nicholas-the-wonderworker-royal","status":"publish","type":"product","link":"https:\/\/zl.jewelry\/pl\/product\/icon-nicholas-the-wonderworker-royal\/","title":{"rendered":"Ikona Miko\u0142aja Cudotw\u00f3rcy &#8222;Kr\u00f3lewska&#8221;"},"content":{"rendered":"","protected":false},"excerpt":{"rendered":"","protected":false},"featured_media":44951,"template":"","meta":{"_acf_changed":false},"product_brand":[],"product_cat":[503,500],"product_tag":[],"class_list":{"0":"post-44950","1":"product","2":"type-product","3":"status-publish","4":"has-post-thumbnail","6":"product_cat-with-stones-pl","7":"product_cat-golden-icons-pl","9":"first","10":"instock","11":"product-type-simple"},"acf":[],"_links":{"self":[{"href":"https:\/\/zl.jewelry\/pl\/wp-json\/wp\/v2\/product\/44950","targetHints":{"allow":["GET"]}}],"collection":[{"href":"https:\/\/zl.jewelry\/pl\/wp-json\/wp\/v2\/product"}],"about":[{"href":"https:\/\/zl.jewelry\/pl\/wp-json\/wp\/v2\/types\/product"}],"wp:featuredmedia":[{"embeddable":true,"href":"https:\/\/zl.jewelry\/pl\/wp-json\/wp\/v2\/media\/44951"}],"wp:attachment":[{"href":"https:\/\/zl.jewelry\/pl\/wp-json\/wp\/v2\/media?parent=44950"}],"wp:term":[{"taxonomy":"product_brand","embeddable":true,"href":"https:\/\/zl.jewelry\/pl\/wp-json\/wp\/v2\/product_brand?post=44950"},{"taxonomy":"product_cat","embeddable":true,"href":"https:\/\/zl.jewelry\/pl\/wp-json\/wp\/v2\/product_cat?post=44950"},{"taxonomy":"product_tag","embeddable":true,"href":"https:\/\/zl.jewelry\/pl\/wp-json\/wp\/v2\/product_tag?post=44950"}],"curies":[{"name":"wp","href":"https:\/\/api.w.org\/{rel}","templated":true}]}}