{"id":44948,"date":"2025-06-18T10:58:10","date_gmt":"2025-06-18T10:58:10","guid":{"rendered":"https:\/\/zl.jewelry\/product\/cross-on-a-tree-in-white-gold\/"},"modified":"2025-09-26T18:29:00","modified_gmt":"2025-09-26T18:29:00","slug":"cross-on-a-tree-in-white-gold","status":"publish","type":"product","link":"https:\/\/zl.jewelry\/pl\/product\/cross-on-a-tree-in-white-gold\/","title":{"rendered":"Krzy\u017c na drzewie z bia\u0142ego z\u0142ota"},"content":{"rendered":"<div>Krzy\u017cyk na drewnie Eben, w bia\u0142ym z\u0142ocie, waga zale\u017cy od wymiar\u00f3w bi\u017cuterii, przy wysoko\u015bci 40mm bez uszka, i wst\u0119pnie szeroko\u015bci 30mm waga z\u0142ota 10 gram. Na przedniej stronie rozpyatie i nak\u0142adka &quot;INCI&quot;, w j\u0119zyku ukrai\u0144skim. Z ty\u0142u znajduje si\u0119 nak\u0142adka &quot;Save and Preserve&quot;. P\u0142ytki pokryte s\u0105 czarn\u0105 emali\u0105. Na uchu z przodu i z ty\u0142u znajduje si\u0119 twarz \u015bwi\u0119tego. Detale z bia\u0142ego zalotu pokryte s\u0105 rodem.<\/div>\n","protected":false},"excerpt":{"rendered":"<p>Krzy\u017cyk na drewnie Eben, w bia\u0142ym z\u0142ocie, waga zale\u017cy od wymiar\u00f3w bi\u017cuterii, przy wysoko\u015bci 40mm bez uszka, i wst\u0119pnie szeroko\u015bci 30mm waga z\u0142ota 10 gram. Na przedniej stronie rozpyatie i nak\u0142adka &quot;INCI&quot;, w j\u0119zyku ukrai\u0144skim. Z ty\u0142u znajduje si\u0119 nak\u0142adka &quot;Save and Preserve&quot;. P\u0142ytki pokryte s\u0105 czarn\u0105 emali\u0105. Na uchu z przodu i z ty\u0142u&#8230;<\/p>\n","protected":false},"featured_media":62315,"template":"","meta":{"_acf_changed":false},"product_brand":[],"product_cat":[511,510,509,504],"product_tag":[],"class_list":{"0":"post-44948","1":"product","2":"type-product","3":"status-publish","4":"has-post-thumbnail","6":"product_cat-on-an-ebony-tree-2-pl","7":"product_cat-mens-crosses-pl","8":"product_cat-made-of-white-gold-pl","9":"product_cat-golden-crosses-pl","11":"first","12":"instock","13":"product-type-simple"},"acf":[],"_links":{"self":[{"href":"https:\/\/zl.jewelry\/pl\/wp-json\/wp\/v2\/product\/44948","targetHints":{"allow":["GET"]}}],"collection":[{"href":"https:\/\/zl.jewelry\/pl\/wp-json\/wp\/v2\/product"}],"about":[{"href":"https:\/\/zl.jewelry\/pl\/wp-json\/wp\/v2\/types\/product"}],"wp:featuredmedia":[{"embeddable":true,"href":"https:\/\/zl.jewelry\/pl\/wp-json\/wp\/v2\/media\/62315"}],"wp:attachment":[{"href":"https:\/\/zl.jewelry\/pl\/wp-json\/wp\/v2\/media?parent=44948"}],"wp:term":[{"taxonomy":"product_brand","embeddable":true,"href":"https:\/\/zl.jewelry\/pl\/wp-json\/wp\/v2\/product_brand?post=44948"},{"taxonomy":"product_cat","embeddable":true,"href":"https:\/\/zl.jewelry\/pl\/wp-json\/wp\/v2\/product_cat?post=44948"},{"taxonomy":"product_tag","embeddable":true,"href":"https:\/\/zl.jewelry\/pl\/wp-json\/wp\/v2\/product_tag?post=44948"}],"curies":[{"name":"wp","href":"https:\/\/api.w.org\/{rel}","templated":true}]}}