{"id":44942,"date":"2025-06-18T10:58:10","date_gmt":"2025-06-18T10:58:10","guid":{"rendered":"https:\/\/zl.jewelry\/product\/chain-horseshoe-with-bolts\/"},"modified":"2025-09-26T18:28:59","modified_gmt":"2025-09-26T18:28:59","slug":"chain-horseshoe-with-bolts","status":"publish","type":"product","link":"https:\/\/zl.jewelry\/pl\/product\/chain-horseshoe-with-bolts\/","title":{"rendered":"\u0141a\u0144cuch &#8222;Podkowa&#8221; z bolcami"},"content":{"rendered":"<p>\u0141a\u0144cuszek z po\u0142\u0105czenia czerwonego i bia\u0142ego z\u0142ota. Waga jest skorelowana z rozmiarem. Zapi\u0119cie to pude\u0142ko z dwoma zamkami. Wk\u0142adki z bia\u0142ego z\u0142ota platerowane rodem.<\/p>\n<p>_x000D_<\/p>\n","protected":false},"excerpt":{"rendered":"<p>\u0141a\u0144cuszek z po\u0142\u0105czenia czerwonego i bia\u0142ego z\u0142ota. Waga jest skorelowana z rozmiarem. Zapi\u0119cie to pude\u0142ko z dwoma zamkami. Wk\u0142adki z bia\u0142ego z\u0142ota platerowane rodem. _x000D_<\/p>\n","protected":false},"featured_media":44943,"template":"","meta":{"_acf_changed":false},"product_brand":[],"product_cat":[490,492,493],"product_tag":[],"class_list":{"0":"post-44942","1":"product","2":"type-product","3":"status-publish","4":"has-post-thumbnail","6":"product_cat-gold-chains","7":"product_cat-gold-chain-from-50-gr-pl","8":"product_cat-mens-chains-pl","10":"first","11":"instock","12":"product-type-simple"},"acf":[],"_links":{"self":[{"href":"https:\/\/zl.jewelry\/pl\/wp-json\/wp\/v2\/product\/44942","targetHints":{"allow":["GET"]}}],"collection":[{"href":"https:\/\/zl.jewelry\/pl\/wp-json\/wp\/v2\/product"}],"about":[{"href":"https:\/\/zl.jewelry\/pl\/wp-json\/wp\/v2\/types\/product"}],"wp:featuredmedia":[{"embeddable":true,"href":"https:\/\/zl.jewelry\/pl\/wp-json\/wp\/v2\/media\/44943"}],"wp:attachment":[{"href":"https:\/\/zl.jewelry\/pl\/wp-json\/wp\/v2\/media?parent=44942"}],"wp:term":[{"taxonomy":"product_brand","embeddable":true,"href":"https:\/\/zl.jewelry\/pl\/wp-json\/wp\/v2\/product_brand?post=44942"},{"taxonomy":"product_cat","embeddable":true,"href":"https:\/\/zl.jewelry\/pl\/wp-json\/wp\/v2\/product_cat?post=44942"},{"taxonomy":"product_tag","embeddable":true,"href":"https:\/\/zl.jewelry\/pl\/wp-json\/wp\/v2\/product_tag?post=44942"}],"curies":[{"name":"wp","href":"https:\/\/api.w.org\/{rel}","templated":true}]}}