{"id":44936,"date":"2025-06-18T10:58:17","date_gmt":"2025-06-18T10:58:17","guid":{"rendered":"https:\/\/zl.jewelry\/product\/chain-oh-yu-with-initials\/"},"modified":"2026-04-30T14:50:49","modified_gmt":"2026-04-30T14:50:49","slug":"chain-oh-yu-with-initials","status":"publish","type":"product","link":"https:\/\/zl.jewelry\/pl\/product\/chain-oh-yu-with-initials\/","title":{"rendered":"\u0141a\u0144cuszek &#8222;O Yu&#8221; z inicja\u0142ami"},"content":{"rendered":"<p>Mo\u017cliwe s\u0105 kombinacje z dowolnymi inicja\u0142ami i wzorami.<\/p>\n","protected":false},"excerpt":{"rendered":"<p>Mo\u017cliwe s\u0105 kombinacje z dowolnymi inicja\u0142ami i wzorami.<\/p>\n","protected":false},"featured_media":61808,"template":"","meta":{"_acf_changed":false},"product_brand":[],"product_cat":[493,490,492],"product_tag":[],"class_list":{"0":"post-44936","1":"product","2":"type-product","3":"status-publish","4":"has-post-thumbnail","6":"product_cat-mens-chains-pl","7":"product_cat-gold-chains","8":"product_cat-gold-chain-from-50-gr-pl","10":"first","11":"instock","12":"product-type-simple"},"acf":[],"_links":{"self":[{"href":"https:\/\/zl.jewelry\/pl\/wp-json\/wp\/v2\/product\/44936","targetHints":{"allow":["GET"]}}],"collection":[{"href":"https:\/\/zl.jewelry\/pl\/wp-json\/wp\/v2\/product"}],"about":[{"href":"https:\/\/zl.jewelry\/pl\/wp-json\/wp\/v2\/types\/product"}],"wp:featuredmedia":[{"embeddable":true,"href":"https:\/\/zl.jewelry\/pl\/wp-json\/wp\/v2\/media\/61808"}],"wp:attachment":[{"href":"https:\/\/zl.jewelry\/pl\/wp-json\/wp\/v2\/media?parent=44936"}],"wp:term":[{"taxonomy":"product_brand","embeddable":true,"href":"https:\/\/zl.jewelry\/pl\/wp-json\/wp\/v2\/product_brand?post=44936"},{"taxonomy":"product_cat","embeddable":true,"href":"https:\/\/zl.jewelry\/pl\/wp-json\/wp\/v2\/product_cat?post=44936"},{"taxonomy":"product_tag","embeddable":true,"href":"https:\/\/zl.jewelry\/pl\/wp-json\/wp\/v2\/product_tag?post=44936"}],"curies":[{"name":"wp","href":"https:\/\/api.w.org\/{rel}","templated":true}]}}