{"id":44922,"date":"2025-06-18T10:58:17","date_gmt":"2025-06-18T10:58:17","guid":{"rendered":"https:\/\/zl.jewelry\/product\/stingray-leather-bracelet-nord\/"},"modified":"2025-09-26T18:29:07","modified_gmt":"2025-09-26T18:29:07","slug":"stingray-leather-bracelet-nord","status":"publish","type":"product","link":"https:\/\/zl.jewelry\/pl\/product\/stingray-leather-bracelet-nord\/","title":{"rendered":"Bransoletka &#8222;Nord&#8221; ze sk\u00f3ry p\u0142aszczki."},"content":{"rendered":"<p>Wk\u0142adka &#8211; sk\u00f3ra p\u0142aszczki 4 mm (kolor &#8211; czarny, czerwony, niebieski)<\/p>\n","protected":false},"excerpt":{"rendered":"<p>Wk\u0142adka &#8211; sk\u00f3ra p\u0142aszczki 4 mm (kolor &#8211; czarny, czerwony, niebieski)<\/p>\n","protected":false},"featured_media":44923,"template":"","meta":{"_acf_changed":false},"product_brand":[],"product_cat":[557,560,561],"product_tag":[],"class_list":{"0":"post-44922","1":"product","2":"type-product","3":"status-publish","4":"has-post-thumbnail","6":"product_cat-bracelets-pl","7":"product_cat-gold-bracelets-up-to-30-gr-pl","8":"product_cat-leather-bracelets-with-gold-inserts-pl","10":"first","11":"instock","12":"product-type-simple"},"acf":[],"_links":{"self":[{"href":"https:\/\/zl.jewelry\/pl\/wp-json\/wp\/v2\/product\/44922","targetHints":{"allow":["GET"]}}],"collection":[{"href":"https:\/\/zl.jewelry\/pl\/wp-json\/wp\/v2\/product"}],"about":[{"href":"https:\/\/zl.jewelry\/pl\/wp-json\/wp\/v2\/types\/product"}],"wp:featuredmedia":[{"embeddable":true,"href":"https:\/\/zl.jewelry\/pl\/wp-json\/wp\/v2\/media\/44923"}],"wp:attachment":[{"href":"https:\/\/zl.jewelry\/pl\/wp-json\/wp\/v2\/media?parent=44922"}],"wp:term":[{"taxonomy":"product_brand","embeddable":true,"href":"https:\/\/zl.jewelry\/pl\/wp-json\/wp\/v2\/product_brand?post=44922"},{"taxonomy":"product_cat","embeddable":true,"href":"https:\/\/zl.jewelry\/pl\/wp-json\/wp\/v2\/product_cat?post=44922"},{"taxonomy":"product_tag","embeddable":true,"href":"https:\/\/zl.jewelry\/pl\/wp-json\/wp\/v2\/product_tag?post=44922"}],"curies":[{"name":"wp","href":"https:\/\/api.w.org\/{rel}","templated":true}]}}