{"id":44918,"date":"2025-06-18T10:58:17","date_gmt":"2025-06-18T10:58:17","guid":{"rendered":"https:\/\/zl.jewelry\/product\/bracelet-on-a-red-thread-heart\/"},"modified":"2025-09-26T18:29:07","modified_gmt":"2025-09-26T18:29:07","slug":"bracelet-on-a-red-thread-heart","status":"publish","type":"product","link":"https:\/\/zl.jewelry\/pl\/product\/bracelet-on-a-red-thread-heart\/","title":{"rendered":"Bransoletka na czerwonej nici &#8222;Serce&#8221;"},"content":{"rendered":"<p>Bransoletka na malinowym sznurku, \u015brednica sznurka 2mm. Wstawki z czerwonego z\u0142ota pr\u00f3by 585*. Waga z\u0142ota w bransoletce 0,43 grama.<\/p>\n","protected":false},"excerpt":{"rendered":"<p>Bransoletka na malinowym sznurku, \u015brednica sznurka 2mm. Wstawki z czerwonego z\u0142ota pr\u00f3by 585*. Waga z\u0142ota w bransoletce 0,43 grama.<\/p>\n","protected":false},"featured_media":44919,"template":"","meta":{"_acf_changed":false},"product_brand":[],"product_cat":[557,560,562],"product_tag":[],"class_list":{"0":"post-44918","1":"product","2":"type-product","3":"status-publish","4":"has-post-thumbnail","6":"product_cat-bracelets-pl","7":"product_cat-gold-bracelets-up-to-30-gr-pl","8":"product_cat-silk-bracelets-with-gold-inserts-pl","10":"first","11":"instock","12":"product-type-simple"},"acf":[],"_links":{"self":[{"href":"https:\/\/zl.jewelry\/pl\/wp-json\/wp\/v2\/product\/44918","targetHints":{"allow":["GET"]}}],"collection":[{"href":"https:\/\/zl.jewelry\/pl\/wp-json\/wp\/v2\/product"}],"about":[{"href":"https:\/\/zl.jewelry\/pl\/wp-json\/wp\/v2\/types\/product"}],"wp:featuredmedia":[{"embeddable":true,"href":"https:\/\/zl.jewelry\/pl\/wp-json\/wp\/v2\/media\/44919"}],"wp:attachment":[{"href":"https:\/\/zl.jewelry\/pl\/wp-json\/wp\/v2\/media?parent=44918"}],"wp:term":[{"taxonomy":"product_brand","embeddable":true,"href":"https:\/\/zl.jewelry\/pl\/wp-json\/wp\/v2\/product_brand?post=44918"},{"taxonomy":"product_cat","embeddable":true,"href":"https:\/\/zl.jewelry\/pl\/wp-json\/wp\/v2\/product_cat?post=44918"},{"taxonomy":"product_tag","embeddable":true,"href":"https:\/\/zl.jewelry\/pl\/wp-json\/wp\/v2\/product_tag?post=44918"}],"curies":[{"name":"wp","href":"https:\/\/api.w.org\/{rel}","templated":true}]}}